{"id":7935,"date":"2018-01-11T22:07:19","date_gmt":"2018-01-11T21:07:19","guid":{"rendered":"http:\/\/fundaciouecornella.cat\/futbol-base-femeni\/"},"modified":"2023-01-25T11:17:19","modified_gmt":"2023-01-25T11:17:19","slug":"futbol-base-femeni","status":"publish","type":"page","link":"https:\/\/www.fundaciouecornella.cat\/ca\/futbol-base-femeni\/","title":{"rendered":"Futbol Base Femen\u00ed"},"content":{"rendered":"<div class=\"fusion-fullwidth fullwidth-box fusion-builder-row-1 fusion-flex-container nonhundred-percent-fullwidth non-hundred-percent-height-scrolling\" style=\"--awb-border-radius-top-left:0px;--awb-border-radius-top-right:0px;--awb-border-radius-bottom-right:0px;--awb-border-radius-bottom-left:0px;--awb-flex-wrap:wrap;\" ><div class=\"fusion-builder-row fusion-row fusion-flex-align-items-flex-start fusion-flex-content-wrap\" style=\"max-width:1248px;margin-left: calc(-4% \/ 2 );margin-right: calc(-4% \/ 2 );\"><div class=\"fusion-layout-column fusion_builder_column fusion-builder-column-0 fusion_builder_column_1_1 1_1 fusion-flex-column\" style=\"--awb-bg-size:cover;--awb-width-large:100%;--awb-margin-top-large:0px;--awb-spacing-right-large:1.92%;--awb-margin-bottom-large:0px;--awb-spacing-left-large:1.92%;--awb-width-medium:100%;--awb-spacing-right-medium:1.92%;--awb-spacing-left-medium:1.92%;--awb-width-small:100%;--awb-spacing-right-small:1.92%;--awb-spacing-left-small:1.92%;\"><div class=\"fusion-column-wrapper fusion-flex-justify-content-flex-start fusion-content-layout-column\"><div class=\"awb-gallery-wrapper awb-gallery-wrapper-1 button-span-no\" style=\"--more-btn-alignment:center;\"><div style=\"margin:-5px;--awb-bordersize:0px;\" class=\"fusion-gallery fusion-gallery-container fusion-grid-2 fusion-columns-total-11 fusion-gallery-layout-grid fusion-gallery-1\"><div style=\"padding:5px;\" class=\"fusion-grid-column fusion-gallery-column fusion-gallery-column-2 hover-type-zoomin\"><div class=\"fusion-gallery-image\"><a href=\"https:\/\/www.fundaciouecornella.cat\/wp-content\/uploads\/2022\/03\/JA-Fem_.jpg\" rel=\"noreferrer\" data-rel=\"iLightbox[gallery_image_1]\" class=\"fusion-lightbox\" target=\"_self\"><img decoding=\"async\" src=\"https:\/\/www.fundaciouecornella.cat\/wp-content\/uploads\/2022\/03\/JA-Fem_.jpg\" width=\"1024\" height=\"678\" alt=\"\" title=\"JA Fem_\" aria-label=\"JA Fem_\" class=\"img-responsive wp-image-28628\" srcset=\"https:\/\/www.fundaciouecornella.cat\/wp-content\/uploads\/2022\/03\/JA-Fem_-100x66.jpg 100w, https:\/\/www.fundaciouecornella.cat\/wp-content\/uploads\/2022\/03\/JA-Fem_-300x199.jpg 300w, https:\/\/www.fundaciouecornella.cat\/wp-content\/uploads\/2022\/03\/JA-Fem_-500x331.jpg 500w, https:\/\/www.fundaciouecornella.cat\/wp-content\/uploads\/2022\/03\/JA-Fem_-700x463.jpg 700w, https:\/\/www.fundaciouecornella.cat\/wp-content\/uploads\/2022\/03\/JA-Fem_-768x509.jpg 768w, https:\/\/www.fundaciouecornella.cat\/wp-content\/uploads\/2022\/03\/JA-Fem_.jpg 1024w\" sizes=\"(max-width: 1024px) 100vw, 1024px\" \/><\/a><\/div><\/div><div style=\"padding:5px;\" class=\"fusion-grid-column fusion-gallery-column fusion-gallery-column-2 hover-type-zoomin\"><div class=\"fusion-gallery-image\"><a href=\"https:\/\/www.fundaciouecornella.cat\/wp-content\/uploads\/2022\/03\/JB-Fem_.jpg\" rel=\"noreferrer\" data-rel=\"iLightbox[gallery_image_1]\" class=\"fusion-lightbox\" target=\"_self\"><img decoding=\"async\" src=\"https:\/\/www.fundaciouecornella.cat\/wp-content\/uploads\/2022\/03\/JB-Fem_.jpg\" width=\"1024\" height=\"682\" alt=\"\" title=\"JB Fem_\" aria-label=\"JB Fem_\" class=\"img-responsive wp-image-28630\" srcset=\"https:\/\/www.fundaciouecornella.cat\/wp-content\/uploads\/2022\/03\/JB-Fem_-100x67.jpg 100w, https:\/\/www.fundaciouecornella.cat\/wp-content\/uploads\/2022\/03\/JB-Fem_-300x200.jpg 300w, https:\/\/www.fundaciouecornella.cat\/wp-content\/uploads\/2022\/03\/JB-Fem_-500x333.jpg 500w, https:\/\/www.fundaciouecornella.cat\/wp-content\/uploads\/2022\/03\/JB-Fem_-700x466.jpg 700w, https:\/\/www.fundaciouecornella.cat\/wp-content\/uploads\/2022\/03\/JB-Fem_-768x512.jpg 768w, https:\/\/www.fundaciouecornella.cat\/wp-content\/uploads\/2022\/03\/JB-Fem_.jpg 1024w\" sizes=\"(max-width: 1024px) 100vw, 1024px\" \/><\/a><\/div><\/div><div class=\"clearfix\"><\/div><div style=\"padding:5px;\" class=\"fusion-grid-column fusion-gallery-column fusion-gallery-column-2 hover-type-zoomin\"><div class=\"fusion-gallery-image\"><a href=\"https:\/\/www.fundaciouecornella.cat\/wp-content\/uploads\/2022\/03\/JC-Fem_.jpg\" rel=\"noreferrer\" data-rel=\"iLightbox[gallery_image_1]\" class=\"fusion-lightbox\" target=\"_self\"><img decoding=\"async\" src=\"https:\/\/www.fundaciouecornella.cat\/wp-content\/uploads\/2022\/03\/JC-Fem_.jpg\" width=\"1024\" height=\"682\" alt=\"\" title=\"JC Fem_\" aria-label=\"JC Fem_\" class=\"img-responsive wp-image-28632\" srcset=\"https:\/\/www.fundaciouecornella.cat\/wp-content\/uploads\/2022\/03\/JC-Fem_-100x67.jpg 100w, https:\/\/www.fundaciouecornella.cat\/wp-content\/uploads\/2022\/03\/JC-Fem_-300x200.jpg 300w, https:\/\/www.fundaciouecornella.cat\/wp-content\/uploads\/2022\/03\/JC-Fem_-500x333.jpg 500w, https:\/\/www.fundaciouecornella.cat\/wp-content\/uploads\/2022\/03\/JC-Fem_-700x466.jpg 700w, https:\/\/www.fundaciouecornella.cat\/wp-content\/uploads\/2022\/03\/JC-Fem_-768x512.jpg 768w, https:\/\/www.fundaciouecornella.cat\/wp-content\/uploads\/2022\/03\/JC-Fem_.jpg 1024w\" sizes=\"(max-width: 1024px) 100vw, 1024px\" \/><\/a><\/div><\/div><div style=\"padding:5px;\" class=\"fusion-grid-column fusion-gallery-column fusion-gallery-column-2 hover-type-zoomin\"><div class=\"fusion-gallery-image\"><a href=\"https:\/\/www.fundaciouecornella.cat\/wp-content\/uploads\/2022\/03\/Cadete-Fem_.jpg\" rel=\"noreferrer\" data-rel=\"iLightbox[gallery_image_1]\" class=\"fusion-lightbox\" target=\"_self\"><img decoding=\"async\" src=\"https:\/\/www.fundaciouecornella.cat\/wp-content\/uploads\/2022\/03\/Cadete-Fem_.jpg\" width=\"1024\" height=\"666\" alt=\"\" title=\"Cadete Fem_\" aria-label=\"Cadete Fem_\" class=\"img-responsive wp-image-28620\" srcset=\"https:\/\/www.fundaciouecornella.cat\/wp-content\/uploads\/2022\/03\/Cadete-Fem_-100x65.jpg 100w, https:\/\/www.fundaciouecornella.cat\/wp-content\/uploads\/2022\/03\/Cadete-Fem_-300x195.jpg 300w, https:\/\/www.fundaciouecornella.cat\/wp-content\/uploads\/2022\/03\/Cadete-Fem_-500x325.jpg 500w, https:\/\/www.fundaciouecornella.cat\/wp-content\/uploads\/2022\/03\/Cadete-Fem_-700x455.jpg 700w, https:\/\/www.fundaciouecornella.cat\/wp-content\/uploads\/2022\/03\/Cadete-Fem_-768x500.jpg 768w, https:\/\/www.fundaciouecornella.cat\/wp-content\/uploads\/2022\/03\/Cadete-Fem_.jpg 1024w\" sizes=\"(max-width: 1024px) 100vw, 1024px\" \/><\/a><\/div><\/div><div class=\"clearfix\"><\/div><div style=\"padding:5px;\" class=\"fusion-grid-column fusion-gallery-column fusion-gallery-column-2 hover-type-zoomin\"><div class=\"fusion-gallery-image\"><a href=\"https:\/\/www.fundaciouecornella.cat\/wp-content\/uploads\/2022\/03\/IA-Fem_.jpg\" rel=\"noreferrer\" data-rel=\"iLightbox[gallery_image_1]\" class=\"fusion-lightbox\" target=\"_self\"><img decoding=\"async\" src=\"https:\/\/www.fundaciouecornella.cat\/wp-content\/uploads\/2022\/03\/IA-Fem_.jpg\" width=\"1024\" height=\"680\" alt=\"\" title=\"IA Fem_\" aria-label=\"IA Fem_\" class=\"img-responsive wp-image-28622\" srcset=\"https:\/\/www.fundaciouecornella.cat\/wp-content\/uploads\/2022\/03\/IA-Fem_-100x66.jpg 100w, https:\/\/www.fundaciouecornella.cat\/wp-content\/uploads\/2022\/03\/IA-Fem_-300x199.jpg 300w, https:\/\/www.fundaciouecornella.cat\/wp-content\/uploads\/2022\/03\/IA-Fem_-500x332.jpg 500w, https:\/\/www.fundaciouecornella.cat\/wp-content\/uploads\/2022\/03\/IA-Fem_-700x465.jpg 700w, https:\/\/www.fundaciouecornella.cat\/wp-content\/uploads\/2022\/03\/IA-Fem_-768x510.jpg 768w, https:\/\/www.fundaciouecornella.cat\/wp-content\/uploads\/2022\/03\/IA-Fem_.jpg 1024w\" sizes=\"(max-width: 1024px) 100vw, 1024px\" \/><\/a><\/div><\/div><div style=\"padding:5px;\" class=\"fusion-grid-column fusion-gallery-column fusion-gallery-column-2 hover-type-zoomin\"><div class=\"fusion-gallery-image\"><a href=\"https:\/\/www.fundaciouecornella.cat\/wp-content\/uploads\/2022\/03\/IB-Fem_.jpg\" rel=\"noreferrer\" data-rel=\"iLightbox[gallery_image_1]\" class=\"fusion-lightbox\" target=\"_self\"><img decoding=\"async\" src=\"https:\/\/www.fundaciouecornella.cat\/wp-content\/uploads\/2022\/03\/IB-Fem_.jpg\" width=\"1024\" height=\"663\" alt=\"\" title=\"IB Fem_\" aria-label=\"IB Fem_\" class=\"img-responsive wp-image-28624\" srcset=\"https:\/\/www.fundaciouecornella.cat\/wp-content\/uploads\/2022\/03\/IB-Fem_-100x65.jpg 100w, https:\/\/www.fundaciouecornella.cat\/wp-content\/uploads\/2022\/03\/IB-Fem_-300x194.jpg 300w, https:\/\/www.fundaciouecornella.cat\/wp-content\/uploads\/2022\/03\/IB-Fem_-500x324.jpg 500w, https:\/\/www.fundaciouecornella.cat\/wp-content\/uploads\/2022\/03\/IB-Fem_-700x453.jpg 700w, https:\/\/www.fundaciouecornella.cat\/wp-content\/uploads\/2022\/03\/IB-Fem_-768x497.jpg 768w, https:\/\/www.fundaciouecornella.cat\/wp-content\/uploads\/2022\/03\/IB-Fem_.jpg 1024w\" sizes=\"(max-width: 1024px) 100vw, 1024px\" \/><\/a><\/div><\/div><div class=\"clearfix\"><\/div><div style=\"padding:5px;\" class=\"fusion-grid-column fusion-gallery-column fusion-gallery-column-2 hover-type-zoomin\"><div class=\"fusion-gallery-image\"><a href=\"https:\/\/www.fundaciouecornella.cat\/wp-content\/uploads\/2022\/03\/IC-Fem_.jpg\" rel=\"noreferrer\" data-rel=\"iLightbox[gallery_image_1]\" class=\"fusion-lightbox\" target=\"_self\"><img decoding=\"async\" src=\"https:\/\/www.fundaciouecornella.cat\/wp-content\/uploads\/2022\/03\/IC-Fem_.jpg\" width=\"1024\" height=\"682\" alt=\"\" title=\"IC Fem_\" aria-label=\"IC Fem_\" class=\"img-responsive wp-image-28626\" srcset=\"https:\/\/www.fundaciouecornella.cat\/wp-content\/uploads\/2022\/03\/IC-Fem_-100x67.jpg 100w, https:\/\/www.fundaciouecornella.cat\/wp-content\/uploads\/2022\/03\/IC-Fem_-300x200.jpg 300w, https:\/\/www.fundaciouecornella.cat\/wp-content\/uploads\/2022\/03\/IC-Fem_-500x333.jpg 500w, https:\/\/www.fundaciouecornella.cat\/wp-content\/uploads\/2022\/03\/IC-Fem_-700x466.jpg 700w, https:\/\/www.fundaciouecornella.cat\/wp-content\/uploads\/2022\/03\/IC-Fem_-768x512.jpg 768w, https:\/\/www.fundaciouecornella.cat\/wp-content\/uploads\/2022\/03\/IC-Fem_.jpg 1024w\" sizes=\"(max-width: 1024px) 100vw, 1024px\" \/><\/a><\/div><\/div><div style=\"padding:5px;\" class=\"fusion-grid-column fusion-gallery-column fusion-gallery-column-2 hover-type-zoomin\"><div class=\"fusion-gallery-image\"><a href=\"https:\/\/www.fundaciouecornella.cat\/wp-content\/uploads\/2022\/03\/AA-Fem_.jpg\" rel=\"noreferrer\" data-rel=\"iLightbox[gallery_image_1]\" class=\"fusion-lightbox\" target=\"_self\"><img decoding=\"async\" src=\"https:\/\/www.fundaciouecornella.cat\/wp-content\/uploads\/2022\/03\/AA-Fem_.jpg\" width=\"1024\" height=\"668\" alt=\"\" title=\"AA Fem_\" aria-label=\"AA Fem_\" class=\"img-responsive wp-image-28612\" srcset=\"https:\/\/www.fundaciouecornella.cat\/wp-content\/uploads\/2022\/03\/AA-Fem_-100x65.jpg 100w, https:\/\/www.fundaciouecornella.cat\/wp-content\/uploads\/2022\/03\/AA-Fem_-300x196.jpg 300w, https:\/\/www.fundaciouecornella.cat\/wp-content\/uploads\/2022\/03\/AA-Fem_-500x326.jpg 500w, https:\/\/www.fundaciouecornella.cat\/wp-content\/uploads\/2022\/03\/AA-Fem_-700x457.jpg 700w, https:\/\/www.fundaciouecornella.cat\/wp-content\/uploads\/2022\/03\/AA-Fem_-768x501.jpg 768w, https:\/\/www.fundaciouecornella.cat\/wp-content\/uploads\/2022\/03\/AA-Fem_.jpg 1024w\" sizes=\"(max-width: 1024px) 100vw, 1024px\" \/><\/a><\/div><\/div><div class=\"clearfix\"><\/div><div style=\"padding:5px;\" class=\"fusion-grid-column fusion-gallery-column fusion-gallery-column-2 hover-type-zoomin\"><div class=\"fusion-gallery-image\"><a href=\"https:\/\/www.fundaciouecornella.cat\/wp-content\/uploads\/2022\/03\/AB-Fem_.jpg\" rel=\"noreferrer\" data-rel=\"iLightbox[gallery_image_1]\" class=\"fusion-lightbox\" target=\"_self\"><img decoding=\"async\" src=\"https:\/\/www.fundaciouecornella.cat\/wp-content\/uploads\/2022\/03\/AB-Fem_.jpg\" width=\"1024\" height=\"694\" alt=\"\" title=\"AB Fem_\" aria-label=\"AB Fem_\" class=\"img-responsive wp-image-28614\" srcset=\"https:\/\/www.fundaciouecornella.cat\/wp-content\/uploads\/2022\/03\/AB-Fem_-100x68.jpg 100w, https:\/\/www.fundaciouecornella.cat\/wp-content\/uploads\/2022\/03\/AB-Fem_-300x203.jpg 300w, https:\/\/www.fundaciouecornella.cat\/wp-content\/uploads\/2022\/03\/AB-Fem_-448x303.jpg 448w, https:\/\/www.fundaciouecornella.cat\/wp-content\/uploads\/2022\/03\/AB-Fem_-500x339.jpg 500w, https:\/\/www.fundaciouecornella.cat\/wp-content\/uploads\/2022\/03\/AB-Fem_-700x474.jpg 700w, https:\/\/www.fundaciouecornella.cat\/wp-content\/uploads\/2022\/03\/AB-Fem_-768x521.jpg 768w, https:\/\/www.fundaciouecornella.cat\/wp-content\/uploads\/2022\/03\/AB-Fem_.jpg 1024w\" sizes=\"(max-width: 1024px) 100vw, 1024px\" \/><\/a><\/div><\/div><div style=\"padding:5px;\" class=\"fusion-grid-column fusion-gallery-column fusion-gallery-column-2 hover-type-zoomin\"><div class=\"fusion-gallery-image\"><a href=\"https:\/\/www.fundaciouecornella.cat\/wp-content\/uploads\/2022\/03\/AC-Fem_.jpg\" rel=\"noreferrer\" data-rel=\"iLightbox[gallery_image_1]\" class=\"fusion-lightbox\" target=\"_self\"><img decoding=\"async\" src=\"https:\/\/www.fundaciouecornella.cat\/wp-content\/uploads\/2022\/03\/AC-Fem_.jpg\" width=\"1024\" height=\"667\" alt=\"\" title=\"AC Fem_\" aria-label=\"AC Fem_\" class=\"img-responsive wp-image-28616\" srcset=\"https:\/\/www.fundaciouecornella.cat\/wp-content\/uploads\/2022\/03\/AC-Fem_-100x65.jpg 100w, https:\/\/www.fundaciouecornella.cat\/wp-content\/uploads\/2022\/03\/AC-Fem_-300x195.jpg 300w, https:\/\/www.fundaciouecornella.cat\/wp-content\/uploads\/2022\/03\/AC-Fem_-500x326.jpg 500w, https:\/\/www.fundaciouecornella.cat\/wp-content\/uploads\/2022\/03\/AC-Fem_-700x456.jpg 700w, https:\/\/www.fundaciouecornella.cat\/wp-content\/uploads\/2022\/03\/AC-Fem_-768x500.jpg 768w, https:\/\/www.fundaciouecornella.cat\/wp-content\/uploads\/2022\/03\/AC-Fem_.jpg 1024w\" sizes=\"(max-width: 1024px) 100vw, 1024px\" \/><\/a><\/div><\/div><div class=\"clearfix\"><\/div><div style=\"padding:5px;\" class=\"fusion-grid-column fusion-gallery-column fusion-gallery-column-2 hover-type-zoomin\"><div class=\"fusion-gallery-image\"><a href=\"https:\/\/www.fundaciouecornella.cat\/wp-content\/uploads\/2022\/03\/BA-Fem_.jpg\" rel=\"noreferrer\" data-rel=\"iLightbox[gallery_image_1]\" class=\"fusion-lightbox\" target=\"_self\"><img decoding=\"async\" src=\"https:\/\/www.fundaciouecornella.cat\/wp-content\/uploads\/2022\/03\/BA-Fem_.jpg\" width=\"1024\" height=\"672\" alt=\"\" title=\"BA Fem_\" aria-label=\"BA Fem_\" class=\"img-responsive wp-image-28618\" srcset=\"https:\/\/www.fundaciouecornella.cat\/wp-content\/uploads\/2022\/03\/BA-Fem_-100x66.jpg 100w, https:\/\/www.fundaciouecornella.cat\/wp-content\/uploads\/2022\/03\/BA-Fem_-300x197.jpg 300w, https:\/\/www.fundaciouecornella.cat\/wp-content\/uploads\/2022\/03\/BA-Fem_-500x328.jpg 500w, https:\/\/www.fundaciouecornella.cat\/wp-content\/uploads\/2022\/03\/BA-Fem_-700x459.jpg 700w, https:\/\/www.fundaciouecornella.cat\/wp-content\/uploads\/2022\/03\/BA-Fem_-768x504.jpg 768w, https:\/\/www.fundaciouecornella.cat\/wp-content\/uploads\/2022\/03\/BA-Fem_.jpg 1024w\" sizes=\"(max-width: 1024px) 100vw, 1024px\" \/><\/a><\/div><\/div><\/div><\/div><\/div><\/div><\/div><\/div>\n","protected":false},"excerpt":{"rendered":"","protected":false},"author":1,"featured_media":0,"parent":0,"menu_order":2,"comment_status":"closed","ping_status":"closed","template":"","meta":{"_acf_changed":false,"footnotes":""},"class_list":["post-7935","page","type-page","status-publish","hentry"],"acf":[],"yoast_head":"<!-- This site is optimized with the Yoast SEO plugin v27.4 - https:\/\/yoast.com\/product\/yoast-seo-wordpress\/ -->\n<title>Futbol Base Femen\u00ed - Fundaci\u00f3 Uni\u00f3 Esportiva Cornell\u00e0<\/title>\n<meta name=\"robots\" content=\"index, follow, max-snippet:-1, max-image-preview:large, max-video-preview:-1\" \/>\n<link rel=\"canonical\" href=\"https:\/\/www.fundaciouecornella.cat\/ca\/futbol-base-femeni\/\" \/>\n<meta property=\"og:locale\" content=\"ca_ES\" \/>\n<meta property=\"og:type\" content=\"article\" \/>\n<meta property=\"og:title\" content=\"Futbol Base Femen\u00ed - Fundaci\u00f3 Uni\u00f3 Esportiva Cornell\u00e0\" \/>\n<meta property=\"og:url\" content=\"https:\/\/www.fundaciouecornella.cat\/ca\/futbol-base-femeni\/\" \/>\n<meta property=\"og:site_name\" content=\"Fundaci\u00f3 Uni\u00f3 Esportiva Cornell\u00e0\" \/>\n<meta property=\"article:publisher\" content=\"https:\/\/www.facebook.com\/UECornella?fref=ts\" \/>\n<meta property=\"article:modified_time\" content=\"2023-01-25T11:17:19+00:00\" \/>\n<meta name=\"twitter:card\" content=\"summary_large_image\" \/>\n<meta name=\"twitter:site\" content=\"@ue_cornella\" \/>\n<meta name=\"twitter:label1\" content=\"Temps estimat de lectura\" \/>\n\t<meta name=\"twitter:data1\" content=\"2 minuts\" \/>\n<script type=\"application\/ld+json\" class=\"yoast-schema-graph\">{\"@context\":\"https:\\\/\\\/schema.org\",\"@graph\":[{\"@type\":\"WebPage\",\"@id\":\"https:\\\/\\\/www.fundaciouecornella.cat\\\/ca\\\/futbol-base-femeni\\\/\",\"url\":\"https:\\\/\\\/www.fundaciouecornella.cat\\\/ca\\\/futbol-base-femeni\\\/\",\"name\":\"Futbol Base Femen\u00ed - Fundaci\u00f3 Uni\u00f3 Esportiva Cornell\u00e0\",\"isPartOf\":{\"@id\":\"https:\\\/\\\/www.fundaciouecornella.cat\\\/ca\\\/#website\"},\"datePublished\":\"2018-01-11T21:07:19+00:00\",\"dateModified\":\"2023-01-25T11:17:19+00:00\",\"breadcrumb\":{\"@id\":\"https:\\\/\\\/www.fundaciouecornella.cat\\\/ca\\\/futbol-base-femeni\\\/#breadcrumb\"},\"inLanguage\":\"ca\",\"potentialAction\":[{\"@type\":\"ReadAction\",\"target\":[\"https:\\\/\\\/www.fundaciouecornella.cat\\\/ca\\\/futbol-base-femeni\\\/\"]}]},{\"@type\":\"BreadcrumbList\",\"@id\":\"https:\\\/\\\/www.fundaciouecornella.cat\\\/ca\\\/futbol-base-femeni\\\/#breadcrumb\",\"itemListElement\":[{\"@type\":\"ListItem\",\"position\":1,\"name\":\"Portada\",\"item\":\"https:\\\/\\\/www.fundaciouecornella.cat\\\/ca\\\/\"},{\"@type\":\"ListItem\",\"position\":2,\"name\":\"Futbol Base Femen\u00ed\"}]},{\"@type\":\"WebSite\",\"@id\":\"https:\\\/\\\/www.fundaciouecornella.cat\\\/ca\\\/#website\",\"url\":\"https:\\\/\\\/www.fundaciouecornella.cat\\\/ca\\\/\",\"name\":\"Uni\u00f3 Esportiva Cornell\u00e0\",\"description\":\"Escuela de f\u00fatbol y club de f\u00fatbol de Cornell\u00e0\",\"publisher\":{\"@id\":\"https:\\\/\\\/www.fundaciouecornella.cat\\\/ca\\\/#organization\"},\"potentialAction\":[{\"@type\":\"SearchAction\",\"target\":{\"@type\":\"EntryPoint\",\"urlTemplate\":\"https:\\\/\\\/www.fundaciouecornella.cat\\\/ca\\\/?s={search_term_string}\"},\"query-input\":{\"@type\":\"PropertyValueSpecification\",\"valueRequired\":true,\"valueName\":\"search_term_string\"}}],\"inLanguage\":\"ca\"},{\"@type\":\"Organization\",\"@id\":\"https:\\\/\\\/www.fundaciouecornella.cat\\\/ca\\\/#organization\",\"name\":\"Uni\u00f3 Esportiva Cornell\u00e0\",\"url\":\"https:\\\/\\\/www.fundaciouecornella.cat\\\/ca\\\/\",\"logo\":{\"@type\":\"ImageObject\",\"inLanguage\":\"ca\",\"@id\":\"https:\\\/\\\/www.fundaciouecornella.cat\\\/ca\\\/#\\\/schema\\\/logo\\\/image\\\/\",\"url\":\"http:\\\/\\\/fundaciouecornella.cat\\\/wp-content\\\/uploads\\\/2017\\\/07\\\/logo377.png\",\"contentUrl\":\"http:\\\/\\\/fundaciouecornella.cat\\\/wp-content\\\/uploads\\\/2017\\\/07\\\/logo377.png\",\"width\":377,\"height\":472,\"caption\":\"Uni\u00f3 Esportiva Cornell\u00e0\"},\"image\":{\"@id\":\"https:\\\/\\\/www.fundaciouecornella.cat\\\/ca\\\/#\\\/schema\\\/logo\\\/image\\\/\"},\"sameAs\":[\"https:\\\/\\\/www.facebook.com\\\/UECornella?fref=ts\",\"https:\\\/\\\/x.com\\\/ue_cornella\",\"http:\\\/\\\/instagram.com\\\/uecornella\",\"https:\\\/\\\/www.youtube.com\\\/channel\\\/UCcwgya5MdVvxRn_MeD6A0vg\"]}]}<\/script>\n<!-- \/ Yoast SEO plugin. -->","yoast_head_json":{"title":"Futbol Base Femen\u00ed - Fundaci\u00f3 Uni\u00f3 Esportiva Cornell\u00e0","robots":{"index":"index","follow":"follow","max-snippet":"max-snippet:-1","max-image-preview":"max-image-preview:large","max-video-preview":"max-video-preview:-1"},"canonical":"https:\/\/www.fundaciouecornella.cat\/ca\/futbol-base-femeni\/","og_locale":"ca_ES","og_type":"article","og_title":"Futbol Base Femen\u00ed - Fundaci\u00f3 Uni\u00f3 Esportiva Cornell\u00e0","og_url":"https:\/\/www.fundaciouecornella.cat\/ca\/futbol-base-femeni\/","og_site_name":"Fundaci\u00f3 Uni\u00f3 Esportiva Cornell\u00e0","article_publisher":"https:\/\/www.facebook.com\/UECornella?fref=ts","article_modified_time":"2023-01-25T11:17:19+00:00","twitter_card":"summary_large_image","twitter_site":"@ue_cornella","twitter_misc":{"Temps estimat de lectura":"2 minuts"},"schema":{"@context":"https:\/\/schema.org","@graph":[{"@type":"WebPage","@id":"https:\/\/www.fundaciouecornella.cat\/ca\/futbol-base-femeni\/","url":"https:\/\/www.fundaciouecornella.cat\/ca\/futbol-base-femeni\/","name":"Futbol Base Femen\u00ed - Fundaci\u00f3 Uni\u00f3 Esportiva Cornell\u00e0","isPartOf":{"@id":"https:\/\/www.fundaciouecornella.cat\/ca\/#website"},"datePublished":"2018-01-11T21:07:19+00:00","dateModified":"2023-01-25T11:17:19+00:00","breadcrumb":{"@id":"https:\/\/www.fundaciouecornella.cat\/ca\/futbol-base-femeni\/#breadcrumb"},"inLanguage":"ca","potentialAction":[{"@type":"ReadAction","target":["https:\/\/www.fundaciouecornella.cat\/ca\/futbol-base-femeni\/"]}]},{"@type":"BreadcrumbList","@id":"https:\/\/www.fundaciouecornella.cat\/ca\/futbol-base-femeni\/#breadcrumb","itemListElement":[{"@type":"ListItem","position":1,"name":"Portada","item":"https:\/\/www.fundaciouecornella.cat\/ca\/"},{"@type":"ListItem","position":2,"name":"Futbol Base Femen\u00ed"}]},{"@type":"WebSite","@id":"https:\/\/www.fundaciouecornella.cat\/ca\/#website","url":"https:\/\/www.fundaciouecornella.cat\/ca\/","name":"Uni\u00f3 Esportiva Cornell\u00e0","description":"Escuela de f\u00fatbol y club de f\u00fatbol de Cornell\u00e0","publisher":{"@id":"https:\/\/www.fundaciouecornella.cat\/ca\/#organization"},"potentialAction":[{"@type":"SearchAction","target":{"@type":"EntryPoint","urlTemplate":"https:\/\/www.fundaciouecornella.cat\/ca\/?s={search_term_string}"},"query-input":{"@type":"PropertyValueSpecification","valueRequired":true,"valueName":"search_term_string"}}],"inLanguage":"ca"},{"@type":"Organization","@id":"https:\/\/www.fundaciouecornella.cat\/ca\/#organization","name":"Uni\u00f3 Esportiva Cornell\u00e0","url":"https:\/\/www.fundaciouecornella.cat\/ca\/","logo":{"@type":"ImageObject","inLanguage":"ca","@id":"https:\/\/www.fundaciouecornella.cat\/ca\/#\/schema\/logo\/image\/","url":"http:\/\/fundaciouecornella.cat\/wp-content\/uploads\/2017\/07\/logo377.png","contentUrl":"http:\/\/fundaciouecornella.cat\/wp-content\/uploads\/2017\/07\/logo377.png","width":377,"height":472,"caption":"Uni\u00f3 Esportiva Cornell\u00e0"},"image":{"@id":"https:\/\/www.fundaciouecornella.cat\/ca\/#\/schema\/logo\/image\/"},"sameAs":["https:\/\/www.facebook.com\/UECornella?fref=ts","https:\/\/x.com\/ue_cornella","http:\/\/instagram.com\/uecornella","https:\/\/www.youtube.com\/channel\/UCcwgya5MdVvxRn_MeD6A0vg"]}]}},"_links":{"self":[{"href":"https:\/\/www.fundaciouecornella.cat\/ca\/wp-json\/wp\/v2\/pages\/7935","targetHints":{"allow":["GET"]}}],"collection":[{"href":"https:\/\/www.fundaciouecornella.cat\/ca\/wp-json\/wp\/v2\/pages"}],"about":[{"href":"https:\/\/www.fundaciouecornella.cat\/ca\/wp-json\/wp\/v2\/types\/page"}],"author":[{"embeddable":true,"href":"https:\/\/www.fundaciouecornella.cat\/ca\/wp-json\/wp\/v2\/users\/1"}],"replies":[{"embeddable":true,"href":"https:\/\/www.fundaciouecornella.cat\/ca\/wp-json\/wp\/v2\/comments?post=7935"}],"version-history":[{"count":11,"href":"https:\/\/www.fundaciouecornella.cat\/ca\/wp-json\/wp\/v2\/pages\/7935\/revisions"}],"predecessor-version":[{"id":34951,"href":"https:\/\/www.fundaciouecornella.cat\/ca\/wp-json\/wp\/v2\/pages\/7935\/revisions\/34951"}],"wp:attachment":[{"href":"https:\/\/www.fundaciouecornella.cat\/ca\/wp-json\/wp\/v2\/media?parent=7935"}],"curies":[{"name":"wp","href":"https:\/\/api.w.org\/{rel}","templated":true}]}}