{"id":7934,"date":"2018-01-11T21:59:55","date_gmt":"2018-01-11T20:59:55","guid":{"rendered":"http:\/\/fundaciouecornella.cat\/primer-equip-femeni\/"},"modified":"2023-01-25T09:47:31","modified_gmt":"2023-01-25T09:47:31","slug":"primer-equip-femeni","status":"publish","type":"page","link":"https:\/\/www.fundaciouecornella.cat\/ca\/primer-equip-femeni\/","title":{"rendered":"Primer Equip Femen\u00ed"},"content":{"rendered":"<div class=\"fusion-fullwidth fullwidth-box fusion-builder-row-1 fusion-flex-container nonhundred-percent-fullwidth non-hundred-percent-height-scrolling\" style=\"--awb-border-radius-top-left:0px;--awb-border-radius-top-right:0px;--awb-border-radius-bottom-right:0px;--awb-border-radius-bottom-left:0px;--awb-flex-wrap:wrap;\" ><div class=\"fusion-builder-row fusion-row fusion-flex-align-items-flex-start fusion-flex-content-wrap\" style=\"max-width:1248px;margin-left: calc(-4% \/ 2 );margin-right: calc(-4% \/ 2 );\"><div class=\"fusion-layout-column fusion_builder_column fusion-builder-column-0 fusion_builder_column_1_1 1_1 fusion-flex-column\" style=\"--awb-bg-size:cover;--awb-width-large:100%;--awb-margin-top-large:0px;--awb-spacing-right-large:1.92%;--awb-margin-bottom-large:0px;--awb-spacing-left-large:1.92%;--awb-width-medium:100%;--awb-order-medium:0;--awb-spacing-right-medium:1.92%;--awb-spacing-left-medium:1.92%;--awb-width-small:100%;--awb-order-small:0;--awb-spacing-right-small:1.92%;--awb-spacing-left-small:1.92%;\"><div class=\"fusion-column-wrapper fusion-column-has-shadow fusion-flex-justify-content-flex-start fusion-content-layout-column\"><div class=\"fusion-image-element \" style=\"text-align:center;--awb-caption-title-font-family:var(--h2_typography-font-family);--awb-caption-title-font-weight:var(--h2_typography-font-weight);--awb-caption-title-font-style:var(--h2_typography-font-style);--awb-caption-title-size:var(--h2_typography-font-size);--awb-caption-title-transform:var(--h2_typography-text-transform);--awb-caption-title-line-height:var(--h2_typography-line-height);--awb-caption-title-letter-spacing:var(--h2_typography-letter-spacing);\"><span class=\" fusion-imageframe imageframe-none imageframe-1 hover-type-none\"><a href=\"https:\/\/fundaciouecornella.cat\/wp-content\/uploads\/2022\/03\/Primer-Equipo-scaled.jpg\" class=\"fusion-lightbox\" data-rel=\"iLightbox[2c29f603863406eb25c]\" data-title=\"Primer Equipo\" title=\"Primer Equipo\"><img decoding=\"async\" width=\"1024\" height=\"663\" src=\"https:\/\/fundaciouecornella.cat\/wp-content\/uploads\/2022\/03\/Primer-Equipo-1024x663.jpg\" alt class=\"img-responsive wp-image-28601 disable-lazyload\" srcset=\"https:\/\/www.fundaciouecornella.cat\/wp-content\/uploads\/2022\/03\/Primer-Equipo-scaled-scaled-100x65.jpg 100w, https:\/\/www.fundaciouecornella.cat\/wp-content\/uploads\/2022\/03\/Primer-Equipo-300x194.jpg 300w, https:\/\/www.fundaciouecornella.cat\/wp-content\/uploads\/2022\/03\/Primer-Equipo-scaled-500x324.jpg 500w, https:\/\/www.fundaciouecornella.cat\/wp-content\/uploads\/2022\/03\/Primer-Equipo-scaled-700x454.jpg 700w, https:\/\/www.fundaciouecornella.cat\/wp-content\/uploads\/2022\/03\/Primer-Equipo-768x498.jpg 768w, https:\/\/www.fundaciouecornella.cat\/wp-content\/uploads\/2022\/03\/Primer-Equipo-1024x663.jpg 1024w, https:\/\/www.fundaciouecornella.cat\/wp-content\/uploads\/2022\/03\/Primer-Equipo-1536x995.jpg 1536w, https:\/\/www.fundaciouecornella.cat\/wp-content\/uploads\/2022\/03\/Primer-Equipo-scaled-scaled.jpg 1920w\" sizes=\"(max-width: 1024px) 100vw, 1024px\" \/><\/a><\/span><\/div><\/div><\/div><\/div><\/div>\n","protected":false},"excerpt":{"rendered":"","protected":false},"author":1,"featured_media":0,"parent":0,"menu_order":1,"comment_status":"closed","ping_status":"closed","template":"","meta":{"_acf_changed":false,"footnotes":""},"class_list":["post-7934","page","type-page","status-publish","hentry"],"acf":[],"yoast_head":"<!-- This site is optimized with the Yoast SEO plugin v26.9 - https:\/\/yoast.com\/product\/yoast-seo-wordpress\/ -->\n<title>Primer Equip Femen\u00ed - Fundaci\u00f3 Uni\u00f3 Esportiva Cornell\u00e0<\/title>\n<meta name=\"robots\" content=\"index, follow, max-snippet:-1, max-image-preview:large, max-video-preview:-1\" \/>\n<link rel=\"canonical\" href=\"https:\/\/www.fundaciouecornella.cat\/ca\/primer-equip-femeni\/\" \/>\n<meta property=\"og:locale\" content=\"ca_ES\" \/>\n<meta property=\"og:type\" content=\"article\" \/>\n<meta property=\"og:title\" content=\"Primer Equip Femen\u00ed - Fundaci\u00f3 Uni\u00f3 Esportiva Cornell\u00e0\" \/>\n<meta property=\"og:url\" content=\"https:\/\/www.fundaciouecornella.cat\/ca\/primer-equip-femeni\/\" \/>\n<meta property=\"og:site_name\" content=\"Fundaci\u00f3 Uni\u00f3 Esportiva Cornell\u00e0\" \/>\n<meta property=\"article:publisher\" content=\"https:\/\/www.facebook.com\/UECornella?fref=ts\" \/>\n<meta property=\"article:modified_time\" content=\"2023-01-25T09:47:31+00:00\" \/>\n<meta name=\"twitter:card\" content=\"summary_large_image\" \/>\n<meta name=\"twitter:site\" content=\"@ue_cornella\" \/>\n<meta name=\"twitter:label1\" content=\"Temps estimat de lectura\" \/>\n\t<meta name=\"twitter:data1\" content=\"2 minuts\" \/>\n<script type=\"application\/ld+json\" class=\"yoast-schema-graph\">{\"@context\":\"https:\/\/schema.org\",\"@graph\":[{\"@type\":\"WebPage\",\"@id\":\"https:\/\/www.fundaciouecornella.cat\/ca\/primer-equip-femeni\/\",\"url\":\"https:\/\/www.fundaciouecornella.cat\/ca\/primer-equip-femeni\/\",\"name\":\"Primer Equip Femen\u00ed - Fundaci\u00f3 Uni\u00f3 Esportiva Cornell\u00e0\",\"isPartOf\":{\"@id\":\"https:\/\/www.fundaciouecornella.cat\/ca\/#website\"},\"datePublished\":\"2018-01-11T20:59:55+00:00\",\"dateModified\":\"2023-01-25T09:47:31+00:00\",\"breadcrumb\":{\"@id\":\"https:\/\/www.fundaciouecornella.cat\/ca\/primer-equip-femeni\/#breadcrumb\"},\"inLanguage\":\"ca\",\"potentialAction\":[{\"@type\":\"ReadAction\",\"target\":[\"https:\/\/www.fundaciouecornella.cat\/ca\/primer-equip-femeni\/\"]}]},{\"@type\":\"BreadcrumbList\",\"@id\":\"https:\/\/www.fundaciouecornella.cat\/ca\/primer-equip-femeni\/#breadcrumb\",\"itemListElement\":[{\"@type\":\"ListItem\",\"position\":1,\"name\":\"Portada\",\"item\":\"https:\/\/www.fundaciouecornella.cat\/ca\/\"},{\"@type\":\"ListItem\",\"position\":2,\"name\":\"Primer Equip Femen\u00ed\"}]},{\"@type\":\"WebSite\",\"@id\":\"https:\/\/www.fundaciouecornella.cat\/ca\/#website\",\"url\":\"https:\/\/www.fundaciouecornella.cat\/ca\/\",\"name\":\"Uni\u00f3 Esportiva Cornell\u00e0\",\"description\":\"Escuela de f\u00fatbol y club de f\u00fatbol de Cornell\u00e0\",\"publisher\":{\"@id\":\"https:\/\/www.fundaciouecornella.cat\/ca\/#organization\"},\"potentialAction\":[{\"@type\":\"SearchAction\",\"target\":{\"@type\":\"EntryPoint\",\"urlTemplate\":\"https:\/\/www.fundaciouecornella.cat\/ca\/?s={search_term_string}\"},\"query-input\":{\"@type\":\"PropertyValueSpecification\",\"valueRequired\":true,\"valueName\":\"search_term_string\"}}],\"inLanguage\":\"ca\"},{\"@type\":\"Organization\",\"@id\":\"https:\/\/www.fundaciouecornella.cat\/ca\/#organization\",\"name\":\"Uni\u00f3 Esportiva Cornell\u00e0\",\"url\":\"https:\/\/www.fundaciouecornella.cat\/ca\/\",\"logo\":{\"@type\":\"ImageObject\",\"inLanguage\":\"ca\",\"@id\":\"https:\/\/www.fundaciouecornella.cat\/ca\/#\/schema\/logo\/image\/\",\"url\":\"http:\/\/fundaciouecornella.cat\/wp-content\/uploads\/2017\/07\/logo377.png\",\"contentUrl\":\"http:\/\/fundaciouecornella.cat\/wp-content\/uploads\/2017\/07\/logo377.png\",\"width\":377,\"height\":472,\"caption\":\"Uni\u00f3 Esportiva Cornell\u00e0\"},\"image\":{\"@id\":\"https:\/\/www.fundaciouecornella.cat\/ca\/#\/schema\/logo\/image\/\"},\"sameAs\":[\"https:\/\/www.facebook.com\/UECornella?fref=ts\",\"https:\/\/x.com\/ue_cornella\",\"http:\/\/instagram.com\/uecornella\",\"https:\/\/www.youtube.com\/channel\/UCcwgya5MdVvxRn_MeD6A0vg\"]}]}<\/script>\n<!-- \/ Yoast SEO plugin. -->","yoast_head_json":{"title":"Primer Equip Femen\u00ed - Fundaci\u00f3 Uni\u00f3 Esportiva Cornell\u00e0","robots":{"index":"index","follow":"follow","max-snippet":"max-snippet:-1","max-image-preview":"max-image-preview:large","max-video-preview":"max-video-preview:-1"},"canonical":"https:\/\/www.fundaciouecornella.cat\/ca\/primer-equip-femeni\/","og_locale":"ca_ES","og_type":"article","og_title":"Primer Equip Femen\u00ed - Fundaci\u00f3 Uni\u00f3 Esportiva Cornell\u00e0","og_url":"https:\/\/www.fundaciouecornella.cat\/ca\/primer-equip-femeni\/","og_site_name":"Fundaci\u00f3 Uni\u00f3 Esportiva Cornell\u00e0","article_publisher":"https:\/\/www.facebook.com\/UECornella?fref=ts","article_modified_time":"2023-01-25T09:47:31+00:00","twitter_card":"summary_large_image","twitter_site":"@ue_cornella","twitter_misc":{"Temps estimat de lectura":"2 minuts"},"schema":{"@context":"https:\/\/schema.org","@graph":[{"@type":"WebPage","@id":"https:\/\/www.fundaciouecornella.cat\/ca\/primer-equip-femeni\/","url":"https:\/\/www.fundaciouecornella.cat\/ca\/primer-equip-femeni\/","name":"Primer Equip Femen\u00ed - Fundaci\u00f3 Uni\u00f3 Esportiva Cornell\u00e0","isPartOf":{"@id":"https:\/\/www.fundaciouecornella.cat\/ca\/#website"},"datePublished":"2018-01-11T20:59:55+00:00","dateModified":"2023-01-25T09:47:31+00:00","breadcrumb":{"@id":"https:\/\/www.fundaciouecornella.cat\/ca\/primer-equip-femeni\/#breadcrumb"},"inLanguage":"ca","potentialAction":[{"@type":"ReadAction","target":["https:\/\/www.fundaciouecornella.cat\/ca\/primer-equip-femeni\/"]}]},{"@type":"BreadcrumbList","@id":"https:\/\/www.fundaciouecornella.cat\/ca\/primer-equip-femeni\/#breadcrumb","itemListElement":[{"@type":"ListItem","position":1,"name":"Portada","item":"https:\/\/www.fundaciouecornella.cat\/ca\/"},{"@type":"ListItem","position":2,"name":"Primer Equip Femen\u00ed"}]},{"@type":"WebSite","@id":"https:\/\/www.fundaciouecornella.cat\/ca\/#website","url":"https:\/\/www.fundaciouecornella.cat\/ca\/","name":"Uni\u00f3 Esportiva Cornell\u00e0","description":"Escuela de f\u00fatbol y club de f\u00fatbol de Cornell\u00e0","publisher":{"@id":"https:\/\/www.fundaciouecornella.cat\/ca\/#organization"},"potentialAction":[{"@type":"SearchAction","target":{"@type":"EntryPoint","urlTemplate":"https:\/\/www.fundaciouecornella.cat\/ca\/?s={search_term_string}"},"query-input":{"@type":"PropertyValueSpecification","valueRequired":true,"valueName":"search_term_string"}}],"inLanguage":"ca"},{"@type":"Organization","@id":"https:\/\/www.fundaciouecornella.cat\/ca\/#organization","name":"Uni\u00f3 Esportiva Cornell\u00e0","url":"https:\/\/www.fundaciouecornella.cat\/ca\/","logo":{"@type":"ImageObject","inLanguage":"ca","@id":"https:\/\/www.fundaciouecornella.cat\/ca\/#\/schema\/logo\/image\/","url":"http:\/\/fundaciouecornella.cat\/wp-content\/uploads\/2017\/07\/logo377.png","contentUrl":"http:\/\/fundaciouecornella.cat\/wp-content\/uploads\/2017\/07\/logo377.png","width":377,"height":472,"caption":"Uni\u00f3 Esportiva Cornell\u00e0"},"image":{"@id":"https:\/\/www.fundaciouecornella.cat\/ca\/#\/schema\/logo\/image\/"},"sameAs":["https:\/\/www.facebook.com\/UECornella?fref=ts","https:\/\/x.com\/ue_cornella","http:\/\/instagram.com\/uecornella","https:\/\/www.youtube.com\/channel\/UCcwgya5MdVvxRn_MeD6A0vg"]}]}},"_links":{"self":[{"href":"https:\/\/www.fundaciouecornella.cat\/ca\/wp-json\/wp\/v2\/pages\/7934","targetHints":{"allow":["GET"]}}],"collection":[{"href":"https:\/\/www.fundaciouecornella.cat\/ca\/wp-json\/wp\/v2\/pages"}],"about":[{"href":"https:\/\/www.fundaciouecornella.cat\/ca\/wp-json\/wp\/v2\/types\/page"}],"author":[{"embeddable":true,"href":"https:\/\/www.fundaciouecornella.cat\/ca\/wp-json\/wp\/v2\/users\/1"}],"replies":[{"embeddable":true,"href":"https:\/\/www.fundaciouecornella.cat\/ca\/wp-json\/wp\/v2\/comments?post=7934"}],"version-history":[{"count":13,"href":"https:\/\/www.fundaciouecornella.cat\/ca\/wp-json\/wp\/v2\/pages\/7934\/revisions"}],"predecessor-version":[{"id":34947,"href":"https:\/\/www.fundaciouecornella.cat\/ca\/wp-json\/wp\/v2\/pages\/7934\/revisions\/34947"}],"wp:attachment":[{"href":"https:\/\/www.fundaciouecornella.cat\/ca\/wp-json\/wp\/v2\/media?parent=7934"}],"curies":[{"name":"wp","href":"https:\/\/api.w.org\/{rel}","templated":true}]}}