{"id":7881,"date":"2017-11-20T01:26:15","date_gmt":"2017-11-20T00:26:15","guid":{"rendered":"http:\/\/fundaciouecornella.cat\/futbol-base\/benjami\/"},"modified":"2026-01-13T19:23:53","modified_gmt":"2026-01-13T18:23:53","slug":"benjami","status":"publish","type":"page","link":"https:\/\/www.fundaciouecornella.cat\/ca\/benjami\/","title":{"rendered":"Benjam\u00ed &#8211; S9 i S10"},"content":{"rendered":"<div class=\"fusion-fullwidth fullwidth-box fusion-builder-row-1 fusion-flex-container nonhundred-percent-fullwidth non-hundred-percent-height-scrolling\" style=\"--awb-border-radius-top-left:0px;--awb-border-radius-top-right:0px;--awb-border-radius-bottom-right:0px;--awb-border-radius-bottom-left:0px;--awb-flex-wrap:wrap;\" ><div class=\"fusion-builder-row fusion-row fusion-flex-align-items-flex-start fusion-flex-content-wrap\" style=\"max-width:1248px;margin-left: calc(-4% \/ 2 );margin-right: calc(-4% \/ 2 );\"><div class=\"fusion-layout-column fusion_builder_column fusion-builder-column-0 fusion_builder_column_1_1 1_1 fusion-flex-column\" style=\"--awb-bg-size:cover;--awb-width-large:100%;--awb-margin-top-large:0px;--awb-spacing-right-large:1.92%;--awb-margin-bottom-large:0px;--awb-spacing-left-large:1.92%;--awb-width-medium:100%;--awb-spacing-right-medium:1.92%;--awb-spacing-left-medium:1.92%;--awb-width-small:100%;--awb-spacing-right-small:1.92%;--awb-spacing-left-small:1.92%;\"><div class=\"fusion-column-wrapper fusion-flex-justify-content-flex-start fusion-content-layout-column\"><div class=\"awb-gallery-wrapper awb-gallery-wrapper-1 button-span-no\" style=\"--more-btn-alignment:center;\"><div style=\"margin:-5px;--awb-bordersize:0px;\" class=\"fusion-gallery fusion-gallery-container fusion-grid-2 fusion-columns-total-13 fusion-gallery-layout-grid fusion-gallery-1\"><div style=\"padding:5px;\" class=\"fusion-grid-column fusion-gallery-column fusion-gallery-column-2 hover-type-zoomin\"><div class=\"fusion-gallery-image\"><a href=\"https:\/\/www.fundaciouecornella.cat\/wp-content\/uploads\/2025\/11\/S10A-scaled.jpg\" rel=\"noreferrer\" data-rel=\"iLightbox[gallery_image_1]\" class=\"fusion-lightbox\" target=\"_self\"><img decoding=\"async\" src=\"https:\/\/www.fundaciouecornella.cat\/wp-content\/uploads\/2025\/11\/S10A-scaled.jpg\" width=\"1920\" height=\"1440\" alt=\"\" title=\"S10A\" aria-label=\"S10A\" class=\"img-responsive wp-image-50685\" srcset=\"https:\/\/www.fundaciouecornella.cat\/wp-content\/uploads\/2025\/11\/S10A-200x150.jpg 200w, https:\/\/www.fundaciouecornella.cat\/wp-content\/uploads\/2025\/11\/S10A-400x300.jpg 400w, https:\/\/www.fundaciouecornella.cat\/wp-content\/uploads\/2025\/11\/S10A-600x450.jpg 600w, https:\/\/www.fundaciouecornella.cat\/wp-content\/uploads\/2025\/11\/S10A-800x600.jpg 800w, https:\/\/www.fundaciouecornella.cat\/wp-content\/uploads\/2025\/11\/S10A-1200x900.jpg 1200w, https:\/\/www.fundaciouecornella.cat\/wp-content\/uploads\/2025\/11\/S10A-scaled.jpg 1920w\" sizes=\"(min-width: 2200px) 100vw, (min-width: 712px) 598px, (min-width: 640px) 712px, \" \/><\/a><\/div><\/div><div style=\"padding:5px;\" class=\"fusion-grid-column fusion-gallery-column fusion-gallery-column-2 hover-type-zoomin\"><div class=\"fusion-gallery-image\"><a href=\"https:\/\/www.fundaciouecornella.cat\/wp-content\/uploads\/2025\/11\/S10B-scaled.jpg\" rel=\"noreferrer\" data-rel=\"iLightbox[gallery_image_1]\" class=\"fusion-lightbox\" target=\"_self\"><img decoding=\"async\" src=\"https:\/\/www.fundaciouecornella.cat\/wp-content\/uploads\/2025\/11\/S10B-scaled.jpg\" width=\"1920\" height=\"1440\" alt=\"\" title=\"S10B\" aria-label=\"S10B\" class=\"img-responsive wp-image-50687\" srcset=\"https:\/\/www.fundaciouecornella.cat\/wp-content\/uploads\/2025\/11\/S10B-200x150.jpg 200w, https:\/\/www.fundaciouecornella.cat\/wp-content\/uploads\/2025\/11\/S10B-400x300.jpg 400w, https:\/\/www.fundaciouecornella.cat\/wp-content\/uploads\/2025\/11\/S10B-600x450.jpg 600w, https:\/\/www.fundaciouecornella.cat\/wp-content\/uploads\/2025\/11\/S10B-800x600.jpg 800w, https:\/\/www.fundaciouecornella.cat\/wp-content\/uploads\/2025\/11\/S10B-1200x900.jpg 1200w, https:\/\/www.fundaciouecornella.cat\/wp-content\/uploads\/2025\/11\/S10B-scaled.jpg 1920w\" sizes=\"(min-width: 2200px) 100vw, (min-width: 712px) 598px, (min-width: 640px) 712px, \" \/><\/a><\/div><\/div><div class=\"clearfix\"><\/div><div style=\"padding:5px;\" class=\"fusion-grid-column fusion-gallery-column fusion-gallery-column-2 hover-type-zoomin\"><div class=\"fusion-gallery-image\"><a href=\"https:\/\/www.fundaciouecornella.cat\/wp-content\/uploads\/2025\/11\/S10C-scaled.jpg\" rel=\"noreferrer\" data-rel=\"iLightbox[gallery_image_1]\" class=\"fusion-lightbox\" target=\"_self\"><img decoding=\"async\" src=\"https:\/\/www.fundaciouecornella.cat\/wp-content\/uploads\/2025\/11\/S10C-scaled.jpg\" width=\"1920\" height=\"1440\" alt=\"\" title=\"S10C\" aria-label=\"S10C\" class=\"img-responsive wp-image-50689\" srcset=\"https:\/\/www.fundaciouecornella.cat\/wp-content\/uploads\/2025\/11\/S10C-200x150.jpg 200w, https:\/\/www.fundaciouecornella.cat\/wp-content\/uploads\/2025\/11\/S10C-400x300.jpg 400w, https:\/\/www.fundaciouecornella.cat\/wp-content\/uploads\/2025\/11\/S10C-600x450.jpg 600w, https:\/\/www.fundaciouecornella.cat\/wp-content\/uploads\/2025\/11\/S10C-800x600.jpg 800w, https:\/\/www.fundaciouecornella.cat\/wp-content\/uploads\/2025\/11\/S10C-1200x900.jpg 1200w, https:\/\/www.fundaciouecornella.cat\/wp-content\/uploads\/2025\/11\/S10C-scaled.jpg 1920w\" sizes=\"(min-width: 2200px) 100vw, (min-width: 712px) 598px, (min-width: 640px) 712px, \" \/><\/a><\/div><\/div><div style=\"padding:5px;\" class=\"fusion-grid-column fusion-gallery-column fusion-gallery-column-2 hover-type-zoomin\"><div class=\"fusion-gallery-image\"><a href=\"https:\/\/www.fundaciouecornella.cat\/wp-content\/uploads\/2025\/11\/S10D-scaled.jpg\" rel=\"noreferrer\" data-rel=\"iLightbox[gallery_image_1]\" class=\"fusion-lightbox\" target=\"_self\"><img decoding=\"async\" src=\"https:\/\/www.fundaciouecornella.cat\/wp-content\/uploads\/2025\/11\/S10D-scaled.jpg\" width=\"1920\" height=\"1440\" alt=\"\" title=\"S10D\" aria-label=\"S10D\" class=\"img-responsive wp-image-50691\" srcset=\"https:\/\/www.fundaciouecornella.cat\/wp-content\/uploads\/2025\/11\/S10D-200x150.jpg 200w, https:\/\/www.fundaciouecornella.cat\/wp-content\/uploads\/2025\/11\/S10D-400x300.jpg 400w, https:\/\/www.fundaciouecornella.cat\/wp-content\/uploads\/2025\/11\/S10D-600x450.jpg 600w, https:\/\/www.fundaciouecornella.cat\/wp-content\/uploads\/2025\/11\/S10D-800x600.jpg 800w, https:\/\/www.fundaciouecornella.cat\/wp-content\/uploads\/2025\/11\/S10D-1200x900.jpg 1200w, https:\/\/www.fundaciouecornella.cat\/wp-content\/uploads\/2025\/11\/S10D-scaled.jpg 1920w\" sizes=\"(min-width: 2200px) 100vw, (min-width: 712px) 598px, (min-width: 640px) 712px, \" \/><\/a><\/div><\/div><div class=\"clearfix\"><\/div><div style=\"padding:5px;\" class=\"fusion-grid-column fusion-gallery-column fusion-gallery-column-2 hover-type-zoomin\"><div class=\"fusion-gallery-image\"><a href=\"https:\/\/www.fundaciouecornella.cat\/wp-content\/uploads\/2025\/11\/S10E-scaled.jpg\" rel=\"noreferrer\" data-rel=\"iLightbox[gallery_image_1]\" class=\"fusion-lightbox\" target=\"_self\"><img decoding=\"async\" src=\"https:\/\/www.fundaciouecornella.cat\/wp-content\/uploads\/2025\/11\/S10E-scaled.jpg\" width=\"1920\" height=\"1440\" alt=\"\" title=\"S10E\" aria-label=\"S10E\" class=\"img-responsive wp-image-50693\" srcset=\"https:\/\/www.fundaciouecornella.cat\/wp-content\/uploads\/2025\/11\/S10E-200x150.jpg 200w, https:\/\/www.fundaciouecornella.cat\/wp-content\/uploads\/2025\/11\/S10E-400x300.jpg 400w, https:\/\/www.fundaciouecornella.cat\/wp-content\/uploads\/2025\/11\/S10E-600x450.jpg 600w, https:\/\/www.fundaciouecornella.cat\/wp-content\/uploads\/2025\/11\/S10E-800x600.jpg 800w, https:\/\/www.fundaciouecornella.cat\/wp-content\/uploads\/2025\/11\/S10E-1200x900.jpg 1200w, https:\/\/www.fundaciouecornella.cat\/wp-content\/uploads\/2025\/11\/S10E-scaled.jpg 1920w\" sizes=\"(min-width: 2200px) 100vw, (min-width: 712px) 598px, (min-width: 640px) 712px, \" \/><\/a><\/div><\/div><div style=\"padding:5px;\" class=\"fusion-grid-column fusion-gallery-column fusion-gallery-column-2 hover-type-zoomin\"><div class=\"fusion-gallery-image\"><a href=\"https:\/\/www.fundaciouecornella.cat\/wp-content\/uploads\/2025\/11\/S10F-scaled.jpg\" rel=\"noreferrer\" data-rel=\"iLightbox[gallery_image_1]\" class=\"fusion-lightbox\" target=\"_self\"><img decoding=\"async\" src=\"https:\/\/www.fundaciouecornella.cat\/wp-content\/uploads\/2025\/11\/S10F-scaled.jpg\" width=\"1920\" height=\"1440\" alt=\"\" title=\"S10F\" aria-label=\"S10F\" class=\"img-responsive wp-image-50695\" srcset=\"https:\/\/www.fundaciouecornella.cat\/wp-content\/uploads\/2025\/11\/S10F-200x150.jpg 200w, https:\/\/www.fundaciouecornella.cat\/wp-content\/uploads\/2025\/11\/S10F-400x300.jpg 400w, https:\/\/www.fundaciouecornella.cat\/wp-content\/uploads\/2025\/11\/S10F-600x450.jpg 600w, https:\/\/www.fundaciouecornella.cat\/wp-content\/uploads\/2025\/11\/S10F-800x600.jpg 800w, https:\/\/www.fundaciouecornella.cat\/wp-content\/uploads\/2025\/11\/S10F-1200x900.jpg 1200w, https:\/\/www.fundaciouecornella.cat\/wp-content\/uploads\/2025\/11\/S10F-scaled.jpg 1920w\" sizes=\"(min-width: 2200px) 100vw, (min-width: 712px) 598px, (min-width: 640px) 712px, \" \/><\/a><\/div><\/div><div class=\"clearfix\"><\/div><div style=\"padding:5px;\" class=\"fusion-grid-column fusion-gallery-column fusion-gallery-column-2 hover-type-zoomin\"><div class=\"fusion-gallery-image\"><a href=\"https:\/\/www.fundaciouecornella.cat\/wp-content\/uploads\/2025\/11\/S9A-scaled.jpg\" rel=\"noreferrer\" data-rel=\"iLightbox[gallery_image_1]\" class=\"fusion-lightbox\" target=\"_self\"><img decoding=\"async\" src=\"https:\/\/www.fundaciouecornella.cat\/wp-content\/uploads\/2025\/11\/S9A-scaled.jpg\" width=\"1920\" height=\"1440\" alt=\"\" title=\"S9A\" aria-label=\"S9A\" class=\"img-responsive wp-image-50671\" srcset=\"https:\/\/www.fundaciouecornella.cat\/wp-content\/uploads\/2025\/11\/S9A-200x150.jpg 200w, https:\/\/www.fundaciouecornella.cat\/wp-content\/uploads\/2025\/11\/S9A-400x300.jpg 400w, https:\/\/www.fundaciouecornella.cat\/wp-content\/uploads\/2025\/11\/S9A-600x450.jpg 600w, https:\/\/www.fundaciouecornella.cat\/wp-content\/uploads\/2025\/11\/S9A-800x600.jpg 800w, https:\/\/www.fundaciouecornella.cat\/wp-content\/uploads\/2025\/11\/S9A-1200x900.jpg 1200w, https:\/\/www.fundaciouecornella.cat\/wp-content\/uploads\/2025\/11\/S9A-scaled.jpg 1920w\" sizes=\"(min-width: 2200px) 100vw, (min-width: 712px) 598px, (min-width: 640px) 712px, \" \/><\/a><\/div><\/div><div style=\"padding:5px;\" class=\"fusion-grid-column fusion-gallery-column fusion-gallery-column-2 hover-type-zoomin\"><div class=\"fusion-gallery-image\"><a href=\"https:\/\/www.fundaciouecornella.cat\/wp-content\/uploads\/2025\/11\/S9B-scaled.jpg\" rel=\"noreferrer\" data-rel=\"iLightbox[gallery_image_1]\" class=\"fusion-lightbox\" target=\"_self\"><img decoding=\"async\" src=\"https:\/\/www.fundaciouecornella.cat\/wp-content\/uploads\/2025\/11\/S9B-scaled.jpg\" width=\"1920\" height=\"1440\" alt=\"\" title=\"S9B\" aria-label=\"S9B\" class=\"img-responsive wp-image-50673\" srcset=\"https:\/\/www.fundaciouecornella.cat\/wp-content\/uploads\/2025\/11\/S9B-200x150.jpg 200w, https:\/\/www.fundaciouecornella.cat\/wp-content\/uploads\/2025\/11\/S9B-400x300.jpg 400w, https:\/\/www.fundaciouecornella.cat\/wp-content\/uploads\/2025\/11\/S9B-600x450.jpg 600w, https:\/\/www.fundaciouecornella.cat\/wp-content\/uploads\/2025\/11\/S9B-800x600.jpg 800w, https:\/\/www.fundaciouecornella.cat\/wp-content\/uploads\/2025\/11\/S9B-1200x900.jpg 1200w, https:\/\/www.fundaciouecornella.cat\/wp-content\/uploads\/2025\/11\/S9B-scaled.jpg 1920w\" sizes=\"(min-width: 2200px) 100vw, (min-width: 712px) 598px, (min-width: 640px) 712px, \" \/><\/a><\/div><\/div><div class=\"clearfix\"><\/div><div style=\"padding:5px;\" class=\"fusion-grid-column fusion-gallery-column fusion-gallery-column-2 hover-type-zoomin\"><div class=\"fusion-gallery-image\"><a href=\"https:\/\/www.fundaciouecornella.cat\/wp-content\/uploads\/2025\/11\/S9C-scaled.jpg\" rel=\"noreferrer\" data-rel=\"iLightbox[gallery_image_1]\" class=\"fusion-lightbox\" target=\"_self\"><img decoding=\"async\" src=\"https:\/\/www.fundaciouecornella.cat\/wp-content\/uploads\/2025\/11\/S9C-scaled.jpg\" width=\"1920\" height=\"1440\" alt=\"\" title=\"S9C\" aria-label=\"S9C\" class=\"img-responsive wp-image-50675\" srcset=\"https:\/\/www.fundaciouecornella.cat\/wp-content\/uploads\/2025\/11\/S9C-200x150.jpg 200w, https:\/\/www.fundaciouecornella.cat\/wp-content\/uploads\/2025\/11\/S9C-400x300.jpg 400w, https:\/\/www.fundaciouecornella.cat\/wp-content\/uploads\/2025\/11\/S9C-600x450.jpg 600w, https:\/\/www.fundaciouecornella.cat\/wp-content\/uploads\/2025\/11\/S9C-800x600.jpg 800w, https:\/\/www.fundaciouecornella.cat\/wp-content\/uploads\/2025\/11\/S9C-1200x900.jpg 1200w, https:\/\/www.fundaciouecornella.cat\/wp-content\/uploads\/2025\/11\/S9C-scaled.jpg 1920w\" sizes=\"(min-width: 2200px) 100vw, (min-width: 712px) 598px, (min-width: 640px) 712px, \" \/><\/a><\/div><\/div><div style=\"padding:5px;\" class=\"fusion-grid-column fusion-gallery-column fusion-gallery-column-2 hover-type-zoomin\"><div class=\"fusion-gallery-image\"><a href=\"https:\/\/www.fundaciouecornella.cat\/wp-content\/uploads\/2025\/11\/S9D-scaled.jpg\" rel=\"noreferrer\" data-rel=\"iLightbox[gallery_image_1]\" class=\"fusion-lightbox\" target=\"_self\"><img decoding=\"async\" src=\"https:\/\/www.fundaciouecornella.cat\/wp-content\/uploads\/2025\/11\/S9D-scaled.jpg\" width=\"1920\" height=\"1440\" alt=\"\" title=\"S9D\" aria-label=\"S9D\" class=\"img-responsive wp-image-50677\" srcset=\"https:\/\/www.fundaciouecornella.cat\/wp-content\/uploads\/2025\/11\/S9D-200x150.jpg 200w, https:\/\/www.fundaciouecornella.cat\/wp-content\/uploads\/2025\/11\/S9D-400x300.jpg 400w, https:\/\/www.fundaciouecornella.cat\/wp-content\/uploads\/2025\/11\/S9D-600x450.jpg 600w, https:\/\/www.fundaciouecornella.cat\/wp-content\/uploads\/2025\/11\/S9D-800x600.jpg 800w, https:\/\/www.fundaciouecornella.cat\/wp-content\/uploads\/2025\/11\/S9D-1200x900.jpg 1200w, https:\/\/www.fundaciouecornella.cat\/wp-content\/uploads\/2025\/11\/S9D-scaled.jpg 1920w\" sizes=\"(min-width: 2200px) 100vw, (min-width: 712px) 598px, (min-width: 640px) 712px, \" \/><\/a><\/div><\/div><div class=\"clearfix\"><\/div><div style=\"padding:5px;\" class=\"fusion-grid-column fusion-gallery-column fusion-gallery-column-2 hover-type-zoomin\"><div class=\"fusion-gallery-image\"><a href=\"https:\/\/www.fundaciouecornella.cat\/wp-content\/uploads\/2025\/11\/S9E-scaled.jpg\" rel=\"noreferrer\" data-rel=\"iLightbox[gallery_image_1]\" class=\"fusion-lightbox\" target=\"_self\"><img decoding=\"async\" src=\"https:\/\/www.fundaciouecornella.cat\/wp-content\/uploads\/2025\/11\/S9E-scaled.jpg\" width=\"1920\" height=\"1440\" alt=\"\" title=\"S9E\" aria-label=\"S9E\" class=\"img-responsive wp-image-50679\" srcset=\"https:\/\/www.fundaciouecornella.cat\/wp-content\/uploads\/2025\/11\/S9E-200x150.jpg 200w, https:\/\/www.fundaciouecornella.cat\/wp-content\/uploads\/2025\/11\/S9E-400x300.jpg 400w, https:\/\/www.fundaciouecornella.cat\/wp-content\/uploads\/2025\/11\/S9E-600x450.jpg 600w, https:\/\/www.fundaciouecornella.cat\/wp-content\/uploads\/2025\/11\/S9E-800x600.jpg 800w, https:\/\/www.fundaciouecornella.cat\/wp-content\/uploads\/2025\/11\/S9E-1200x900.jpg 1200w, https:\/\/www.fundaciouecornella.cat\/wp-content\/uploads\/2025\/11\/S9E-scaled.jpg 1920w\" sizes=\"(min-width: 2200px) 100vw, (min-width: 712px) 598px, (min-width: 640px) 712px, \" \/><\/a><\/div><\/div><div style=\"padding:5px;\" class=\"fusion-grid-column fusion-gallery-column fusion-gallery-column-2 hover-type-zoomin\"><div class=\"fusion-gallery-image\"><a href=\"https:\/\/www.fundaciouecornella.cat\/wp-content\/uploads\/2025\/11\/S9F-scaled.jpg\" rel=\"noreferrer\" data-rel=\"iLightbox[gallery_image_1]\" class=\"fusion-lightbox\" target=\"_self\"><img decoding=\"async\" src=\"https:\/\/www.fundaciouecornella.cat\/wp-content\/uploads\/2025\/11\/S9F-scaled.jpg\" width=\"1920\" height=\"1440\" alt=\"\" title=\"S9F\" aria-label=\"S9F\" class=\"img-responsive wp-image-50681\" srcset=\"https:\/\/www.fundaciouecornella.cat\/wp-content\/uploads\/2025\/11\/S9F-200x150.jpg 200w, https:\/\/www.fundaciouecornella.cat\/wp-content\/uploads\/2025\/11\/S9F-400x300.jpg 400w, https:\/\/www.fundaciouecornella.cat\/wp-content\/uploads\/2025\/11\/S9F-600x450.jpg 600w, https:\/\/www.fundaciouecornella.cat\/wp-content\/uploads\/2025\/11\/S9F-800x600.jpg 800w, https:\/\/www.fundaciouecornella.cat\/wp-content\/uploads\/2025\/11\/S9F-1200x900.jpg 1200w, https:\/\/www.fundaciouecornella.cat\/wp-content\/uploads\/2025\/11\/S9F-scaled.jpg 1920w\" sizes=\"(min-width: 2200px) 100vw, (min-width: 712px) 598px, (min-width: 640px) 712px, \" \/><\/a><\/div><\/div><div class=\"clearfix\"><\/div><div style=\"padding:5px;\" class=\"fusion-grid-column fusion-gallery-column fusion-gallery-column-2 hover-type-zoomin\"><div class=\"fusion-gallery-image\"><a href=\"https:\/\/www.fundaciouecornella.cat\/wp-content\/uploads\/2025\/11\/S9G-scaled.jpg\" rel=\"noreferrer\" data-rel=\"iLightbox[gallery_image_1]\" class=\"fusion-lightbox\" target=\"_self\"><img decoding=\"async\" src=\"https:\/\/www.fundaciouecornella.cat\/wp-content\/uploads\/2025\/11\/S9G-scaled.jpg\" width=\"1920\" height=\"1440\" alt=\"\" title=\"S9G\" aria-label=\"S9G\" class=\"img-responsive wp-image-50683\" srcset=\"https:\/\/www.fundaciouecornella.cat\/wp-content\/uploads\/2025\/11\/S9G-200x150.jpg 200w, https:\/\/www.fundaciouecornella.cat\/wp-content\/uploads\/2025\/11\/S9G-400x300.jpg 400w, https:\/\/www.fundaciouecornella.cat\/wp-content\/uploads\/2025\/11\/S9G-600x450.jpg 600w, https:\/\/www.fundaciouecornella.cat\/wp-content\/uploads\/2025\/11\/S9G-800x600.jpg 800w, https:\/\/www.fundaciouecornella.cat\/wp-content\/uploads\/2025\/11\/S9G-1200x900.jpg 1200w, https:\/\/www.fundaciouecornella.cat\/wp-content\/uploads\/2025\/11\/S9G-scaled.jpg 1920w\" sizes=\"(min-width: 2200px) 100vw, (min-width: 712px) 598px, (min-width: 640px) 712px, \" \/><\/a><\/div><\/div><\/div><\/div><\/div><\/div><\/div><\/div>\n","protected":false},"excerpt":{"rendered":"","protected":false},"author":1,"featured_media":0,"parent":0,"menu_order":0,"comment_status":"closed","ping_status":"closed","template":"","meta":{"_acf_changed":false,"footnotes":""},"class_list":["post-7881","page","type-page","status-publish","hentry"],"acf":[],"yoast_head":"<!-- This site is optimized with the Yoast SEO plugin v27.4 - https:\/\/yoast.com\/product\/yoast-seo-wordpress\/ -->\n<title>Benjam\u00ed - S9 i S10 - Fundaci\u00f3 Uni\u00f3 Esportiva Cornell\u00e0<\/title>\n<meta name=\"robots\" content=\"index, follow, max-snippet:-1, max-image-preview:large, max-video-preview:-1\" \/>\n<link rel=\"canonical\" href=\"https:\/\/www.fundaciouecornella.cat\/ca\/benjami\/\" \/>\n<meta property=\"og:locale\" content=\"ca_ES\" \/>\n<meta property=\"og:type\" content=\"article\" \/>\n<meta property=\"og:title\" content=\"Benjam\u00ed - S9 i S10 - Fundaci\u00f3 Uni\u00f3 Esportiva Cornell\u00e0\" \/>\n<meta property=\"og:url\" content=\"https:\/\/www.fundaciouecornella.cat\/ca\/benjami\/\" \/>\n<meta property=\"og:site_name\" content=\"Fundaci\u00f3 Uni\u00f3 Esportiva Cornell\u00e0\" \/>\n<meta property=\"article:publisher\" content=\"https:\/\/www.facebook.com\/UECornella?fref=ts\" \/>\n<meta property=\"article:modified_time\" content=\"2026-01-13T18:23:53+00:00\" \/>\n<meta name=\"twitter:card\" content=\"summary_large_image\" \/>\n<meta name=\"twitter:site\" content=\"@ue_cornella\" \/>\n<meta name=\"twitter:label1\" content=\"Temps estimat de lectura\" \/>\n\t<meta name=\"twitter:data1\" content=\"2 minuts\" \/>\n<script type=\"application\/ld+json\" class=\"yoast-schema-graph\">{\"@context\":\"https:\\\/\\\/schema.org\",\"@graph\":[{\"@type\":\"WebPage\",\"@id\":\"https:\\\/\\\/www.fundaciouecornella.cat\\\/ca\\\/benjami\\\/\",\"url\":\"https:\\\/\\\/www.fundaciouecornella.cat\\\/ca\\\/benjami\\\/\",\"name\":\"Benjam\u00ed - S9 i S10 - Fundaci\u00f3 Uni\u00f3 Esportiva Cornell\u00e0\",\"isPartOf\":{\"@id\":\"https:\\\/\\\/www.fundaciouecornella.cat\\\/ca\\\/#website\"},\"datePublished\":\"2017-11-20T00:26:15+00:00\",\"dateModified\":\"2026-01-13T18:23:53+00:00\",\"breadcrumb\":{\"@id\":\"https:\\\/\\\/www.fundaciouecornella.cat\\\/ca\\\/benjami\\\/#breadcrumb\"},\"inLanguage\":\"ca\",\"potentialAction\":[{\"@type\":\"ReadAction\",\"target\":[\"https:\\\/\\\/www.fundaciouecornella.cat\\\/ca\\\/benjami\\\/\"]}]},{\"@type\":\"BreadcrumbList\",\"@id\":\"https:\\\/\\\/www.fundaciouecornella.cat\\\/ca\\\/benjami\\\/#breadcrumb\",\"itemListElement\":[{\"@type\":\"ListItem\",\"position\":1,\"name\":\"Portada\",\"item\":\"https:\\\/\\\/www.fundaciouecornella.cat\\\/ca\\\/\"},{\"@type\":\"ListItem\",\"position\":2,\"name\":\"Benjam\u00ed &#8211; S9 i S10\"}]},{\"@type\":\"WebSite\",\"@id\":\"https:\\\/\\\/www.fundaciouecornella.cat\\\/ca\\\/#website\",\"url\":\"https:\\\/\\\/www.fundaciouecornella.cat\\\/ca\\\/\",\"name\":\"Uni\u00f3 Esportiva Cornell\u00e0\",\"description\":\"Escuela de f\u00fatbol y club de f\u00fatbol de Cornell\u00e0\",\"publisher\":{\"@id\":\"https:\\\/\\\/www.fundaciouecornella.cat\\\/ca\\\/#organization\"},\"potentialAction\":[{\"@type\":\"SearchAction\",\"target\":{\"@type\":\"EntryPoint\",\"urlTemplate\":\"https:\\\/\\\/www.fundaciouecornella.cat\\\/ca\\\/?s={search_term_string}\"},\"query-input\":{\"@type\":\"PropertyValueSpecification\",\"valueRequired\":true,\"valueName\":\"search_term_string\"}}],\"inLanguage\":\"ca\"},{\"@type\":\"Organization\",\"@id\":\"https:\\\/\\\/www.fundaciouecornella.cat\\\/ca\\\/#organization\",\"name\":\"Uni\u00f3 Esportiva Cornell\u00e0\",\"url\":\"https:\\\/\\\/www.fundaciouecornella.cat\\\/ca\\\/\",\"logo\":{\"@type\":\"ImageObject\",\"inLanguage\":\"ca\",\"@id\":\"https:\\\/\\\/www.fundaciouecornella.cat\\\/ca\\\/#\\\/schema\\\/logo\\\/image\\\/\",\"url\":\"http:\\\/\\\/fundaciouecornella.cat\\\/wp-content\\\/uploads\\\/2017\\\/07\\\/logo377.png\",\"contentUrl\":\"http:\\\/\\\/fundaciouecornella.cat\\\/wp-content\\\/uploads\\\/2017\\\/07\\\/logo377.png\",\"width\":377,\"height\":472,\"caption\":\"Uni\u00f3 Esportiva Cornell\u00e0\"},\"image\":{\"@id\":\"https:\\\/\\\/www.fundaciouecornella.cat\\\/ca\\\/#\\\/schema\\\/logo\\\/image\\\/\"},\"sameAs\":[\"https:\\\/\\\/www.facebook.com\\\/UECornella?fref=ts\",\"https:\\\/\\\/x.com\\\/ue_cornella\",\"http:\\\/\\\/instagram.com\\\/uecornella\",\"https:\\\/\\\/www.youtube.com\\\/channel\\\/UCcwgya5MdVvxRn_MeD6A0vg\"]}]}<\/script>\n<!-- \/ Yoast SEO plugin. -->","yoast_head_json":{"title":"Benjam\u00ed - S9 i S10 - Fundaci\u00f3 Uni\u00f3 Esportiva Cornell\u00e0","robots":{"index":"index","follow":"follow","max-snippet":"max-snippet:-1","max-image-preview":"max-image-preview:large","max-video-preview":"max-video-preview:-1"},"canonical":"https:\/\/www.fundaciouecornella.cat\/ca\/benjami\/","og_locale":"ca_ES","og_type":"article","og_title":"Benjam\u00ed - S9 i S10 - Fundaci\u00f3 Uni\u00f3 Esportiva Cornell\u00e0","og_url":"https:\/\/www.fundaciouecornella.cat\/ca\/benjami\/","og_site_name":"Fundaci\u00f3 Uni\u00f3 Esportiva Cornell\u00e0","article_publisher":"https:\/\/www.facebook.com\/UECornella?fref=ts","article_modified_time":"2026-01-13T18:23:53+00:00","twitter_card":"summary_large_image","twitter_site":"@ue_cornella","twitter_misc":{"Temps estimat de lectura":"2 minuts"},"schema":{"@context":"https:\/\/schema.org","@graph":[{"@type":"WebPage","@id":"https:\/\/www.fundaciouecornella.cat\/ca\/benjami\/","url":"https:\/\/www.fundaciouecornella.cat\/ca\/benjami\/","name":"Benjam\u00ed - S9 i S10 - Fundaci\u00f3 Uni\u00f3 Esportiva Cornell\u00e0","isPartOf":{"@id":"https:\/\/www.fundaciouecornella.cat\/ca\/#website"},"datePublished":"2017-11-20T00:26:15+00:00","dateModified":"2026-01-13T18:23:53+00:00","breadcrumb":{"@id":"https:\/\/www.fundaciouecornella.cat\/ca\/benjami\/#breadcrumb"},"inLanguage":"ca","potentialAction":[{"@type":"ReadAction","target":["https:\/\/www.fundaciouecornella.cat\/ca\/benjami\/"]}]},{"@type":"BreadcrumbList","@id":"https:\/\/www.fundaciouecornella.cat\/ca\/benjami\/#breadcrumb","itemListElement":[{"@type":"ListItem","position":1,"name":"Portada","item":"https:\/\/www.fundaciouecornella.cat\/ca\/"},{"@type":"ListItem","position":2,"name":"Benjam\u00ed &#8211; S9 i S10"}]},{"@type":"WebSite","@id":"https:\/\/www.fundaciouecornella.cat\/ca\/#website","url":"https:\/\/www.fundaciouecornella.cat\/ca\/","name":"Uni\u00f3 Esportiva Cornell\u00e0","description":"Escuela de f\u00fatbol y club de f\u00fatbol de Cornell\u00e0","publisher":{"@id":"https:\/\/www.fundaciouecornella.cat\/ca\/#organization"},"potentialAction":[{"@type":"SearchAction","target":{"@type":"EntryPoint","urlTemplate":"https:\/\/www.fundaciouecornella.cat\/ca\/?s={search_term_string}"},"query-input":{"@type":"PropertyValueSpecification","valueRequired":true,"valueName":"search_term_string"}}],"inLanguage":"ca"},{"@type":"Organization","@id":"https:\/\/www.fundaciouecornella.cat\/ca\/#organization","name":"Uni\u00f3 Esportiva Cornell\u00e0","url":"https:\/\/www.fundaciouecornella.cat\/ca\/","logo":{"@type":"ImageObject","inLanguage":"ca","@id":"https:\/\/www.fundaciouecornella.cat\/ca\/#\/schema\/logo\/image\/","url":"http:\/\/fundaciouecornella.cat\/wp-content\/uploads\/2017\/07\/logo377.png","contentUrl":"http:\/\/fundaciouecornella.cat\/wp-content\/uploads\/2017\/07\/logo377.png","width":377,"height":472,"caption":"Uni\u00f3 Esportiva Cornell\u00e0"},"image":{"@id":"https:\/\/www.fundaciouecornella.cat\/ca\/#\/schema\/logo\/image\/"},"sameAs":["https:\/\/www.facebook.com\/UECornella?fref=ts","https:\/\/x.com\/ue_cornella","http:\/\/instagram.com\/uecornella","https:\/\/www.youtube.com\/channel\/UCcwgya5MdVvxRn_MeD6A0vg"]}]}},"_links":{"self":[{"href":"https:\/\/www.fundaciouecornella.cat\/ca\/wp-json\/wp\/v2\/pages\/7881","targetHints":{"allow":["GET"]}}],"collection":[{"href":"https:\/\/www.fundaciouecornella.cat\/ca\/wp-json\/wp\/v2\/pages"}],"about":[{"href":"https:\/\/www.fundaciouecornella.cat\/ca\/wp-json\/wp\/v2\/types\/page"}],"author":[{"embeddable":true,"href":"https:\/\/www.fundaciouecornella.cat\/ca\/wp-json\/wp\/v2\/users\/1"}],"replies":[{"embeddable":true,"href":"https:\/\/www.fundaciouecornella.cat\/ca\/wp-json\/wp\/v2\/comments?post=7881"}],"version-history":[{"count":11,"href":"https:\/\/www.fundaciouecornella.cat\/ca\/wp-json\/wp\/v2\/pages\/7881\/revisions"}],"predecessor-version":[{"id":51106,"href":"https:\/\/www.fundaciouecornella.cat\/ca\/wp-json\/wp\/v2\/pages\/7881\/revisions\/51106"}],"wp:attachment":[{"href":"https:\/\/www.fundaciouecornella.cat\/ca\/wp-json\/wp\/v2\/media?parent=7881"}],"curies":[{"name":"wp","href":"https:\/\/api.w.org\/{rel}","templated":true}]}}