{"id":35114,"date":"2023-02-02T07:58:36","date_gmt":"2023-02-02T06:58:36","guid":{"rendered":"https:\/\/fundaciouecornella.cat\/juga-amb-nosaltres\/"},"modified":"2023-02-02T08:16:17","modified_gmt":"2023-02-02T07:16:17","slug":"juga-amb-nosaltres","status":"publish","type":"page","link":"https:\/\/www.fundaciouecornella.cat\/ca\/juga-amb-nosaltres\/","title":{"rendered":"Juga amb nosaltres"},"content":{"rendered":"<div class=\"fusion-fullwidth fullwidth-box fusion-builder-row-1 fusion-flex-container has-pattern-background has-mask-background nonhundred-percent-fullwidth non-hundred-percent-height-scrolling\" style=\"--awb-border-radius-top-left:0px;--awb-border-radius-top-right:0px;--awb-border-radius-bottom-right:0px;--awb-border-radius-bottom-left:0px;--awb-flex-wrap:wrap;\" ><div class=\"fusion-builder-row fusion-row fusion-flex-align-items-flex-start fusion-flex-content-wrap\" style=\"max-width:1248px;margin-left: calc(-4% \/ 2 );margin-right: calc(-4% \/ 2 );\"><div class=\"fusion-layout-column fusion_builder_column fusion-builder-column-0 fusion_builder_column_1_1 1_1 fusion-flex-column\" style=\"--awb-bg-size:cover;--awb-width-large:100%;--awb-margin-top-large:0px;--awb-spacing-right-large:1.92%;--awb-margin-bottom-large:20px;--awb-spacing-left-large:1.92%;--awb-width-medium:100%;--awb-order-medium:0;--awb-spacing-right-medium:1.92%;--awb-spacing-left-medium:1.92%;--awb-width-small:100%;--awb-order-small:0;--awb-spacing-right-small:1.92%;--awb-spacing-left-small:1.92%;\"><div class=\"fusion-column-wrapper fusion-column-has-shadow fusion-flex-justify-content-flex-start fusion-content-layout-column\"><div class=\"fusion-title title fusion-title-1 fusion-sep-none fusion-title-center fusion-title-text fusion-title-size-two\" style=\"--awb-margin-top-small:10px;--awb-margin-right-small:0px;--awb-margin-bottom-small:10px;--awb-margin-left-small:0px;\"><h2 class=\"fusion-title-heading title-heading-center\" style=\"margin:0;text-transform:uppercase;\">El projecte futbol\u00edstic m\u00e9s ambici\u00f2s del Baix llobregat te les portes obertes<\/h2><\/div>\n<div class=\"wpcf7 no-js\" id=\"wpcf7-f35117-o1\" lang=\"ca\" dir=\"ltr\" data-wpcf7-id=\"35117\">\n<div class=\"screen-reader-response\"><p role=\"status\" aria-live=\"polite\" aria-atomic=\"true\"><\/p> <ul><\/ul><\/div>\n<form action=\"\/ca\/wp-json\/wp\/v2\/pages\/35114#wpcf7-f35117-o1\" method=\"post\" class=\"wpcf7-form init\" aria-label=\"Formulari de contacte\" novalidate=\"novalidate\" data-status=\"init\">\n<fieldset class=\"hidden-fields-container\"><input type=\"hidden\" name=\"_wpcf7\" value=\"35117\" \/><input type=\"hidden\" name=\"_wpcf7_version\" value=\"6.1.5\" \/><input type=\"hidden\" name=\"_wpcf7_locale\" value=\"ca\" \/><input type=\"hidden\" name=\"_wpcf7_unit_tag\" value=\"wpcf7-f35117-o1\" \/><input type=\"hidden\" name=\"_wpcf7_container_post\" value=\"0\" \/><input type=\"hidden\" name=\"_wpcf7_posted_data_hash\" value=\"\" \/><input type=\"hidden\" name=\"_wpcf7cf_hidden_group_fields\" value=\"[]\" \/><input type=\"hidden\" name=\"_wpcf7cf_hidden_groups\" value=\"[]\" \/><input type=\"hidden\" name=\"_wpcf7cf_visible_groups\" value=\"[]\" \/><input type=\"hidden\" name=\"_wpcf7cf_repeaters\" value=\"[]\" \/><input type=\"hidden\" name=\"_wpcf7cf_steps\" value=\"{}\" \/><input type=\"hidden\" name=\"_wpcf7cf_options\" value=\"{&quot;form_id&quot;:35117,&quot;conditions&quot;:[{&quot;then_field&quot;:&quot;grup_objectiu&quot;,&quot;and_rules&quot;:[{&quot;if_field&quot;:&quot;objectiu&quot;,&quot;operator&quot;:&quot;equals&quot;,&quot;if_value&quot;:&quot;Vull formar part del club en una categoria en concret&quot;}]}],&quot;settings&quot;:{&quot;animation&quot;:&quot;yes&quot;,&quot;animation_intime&quot;:200,&quot;animation_outtime&quot;:200,&quot;conditions_ui&quot;:&quot;normal&quot;,&quot;notice_dismissed&quot;:false}}\" \/><input type=\"hidden\" name=\"_wpcf7_recaptcha_response\" value=\"\" \/>\n<\/fieldset>\n<div class=\"sign-up-form-options main-contact-form\">\n\t<p><span class=\"wpcf7-form-control-wrap\" data-name=\"txtfirstname\"><input size=\"40\" maxlength=\"400\" class=\"wpcf7-form-control wpcf7-text wpcf7-validates-as-required\" aria-required=\"true\" aria-invalid=\"false\" placeholder=\"Nom del nen\/a\" value=\"\" type=\"text\" name=\"txtfirstname\" \/><\/span><span class=\"icon icon-user\"><\/span>\n\t<\/p>\n\t<p>Data de naixement:<br \/>\n<span class=\"wpcf7-form-control-wrap\" data-name=\"your-date\"><input class=\"wpcf7-form-control wpcf7-date wpcf7-validates-as-required wpcf7-validates-as-date required\" min=\"2000-01-01\" max=\"2020-12-31\" step=\"1\" aria-required=\"true\" aria-invalid=\"false\" value=\"\" type=\"date\" name=\"your-date\" \/><\/span><span class=\"icon icon-agenda\"><\/span>\n\t<\/p>\n\t<p><span class=\"wpcf7-form-control-wrap\" data-name=\"objectiu\"><select class=\"wpcf7-form-control wpcf7-select wpcf7-validates-as-required\" aria-required=\"true\" aria-invalid=\"false\" name=\"objectiu\"><option value=\"\">-- Quin \u00e9s el teu objectiu? --<\/option><option value=\"Vull formar part de l&#039;equipo independentment de la categoria\">Vull formar part de l&#039;equipo independentment de la categoria<\/option><option value=\"Vull formar part del club en una categoria en concret\">Vull formar part del club en una categoria en concret<\/option><\/select><\/span>\n\t<\/p>\n\t<div data-id=\"grup_objectiu\" data-orig_data_id=\"grup_objectiu\"  class=\"\" data-class=\"wpcf7cf_group\">\n\t\t<p><span class=\"wpcf7-form-control-wrap\" data-name=\"categoriatriada\"><select class=\"wpcf7-form-control wpcf7-select wpcf7-validates-as-required\" aria-required=\"true\" aria-invalid=\"false\" name=\"categoriatriada\"><option value=\"\">-- Tria la categoria --<\/option><option value=\"Divisi\u00f3 d&#039;honor\">Divisi\u00f3 d&#039;honor<\/option><option value=\"Preferent\">Preferent<\/option><option value=\"Primera\">Primera<\/option><option value=\"Segona\">Segona<\/option><option value=\"Tercera\">Tercera<\/option><\/select><\/span>\n\t\t<\/p>\n\t<\/div>\n\t<p><span class=\"wpcf7-form-control-wrap\" data-name=\"equipo\"><input size=\"40\" maxlength=\"400\" class=\"wpcf7-form-control wpcf7-text wpcf7-validates-as-required\" aria-required=\"true\" aria-invalid=\"false\" placeholder=\"Equip on juga\" value=\"\" type=\"text\" name=\"equipo\" \/><\/span><span class=\"icon icon-soccer\"><\/span>\n\t<\/p>\n\t<p><span class=\"wpcf7-form-control-wrap\" data-name=\"categoria\"><input size=\"40\" maxlength=\"400\" class=\"wpcf7-form-control wpcf7-text wpcf7-validates-as-required\" aria-required=\"true\" aria-invalid=\"false\" placeholder=\"Categoria \/ divisi\u00f3 on juga\" value=\"\" type=\"text\" name=\"categoria\" \/><\/span><span class=\"icon icon-diamondring\"><\/span>\n\t<\/p>\n\t<p><span class=\"wpcf7-form-control-wrap\" data-name=\"posicion\"><input size=\"40\" maxlength=\"400\" class=\"wpcf7-form-control wpcf7-text wpcf7-validates-as-required\" aria-required=\"true\" aria-invalid=\"false\" placeholder=\"Posici\u00f3 al camp on juga\" value=\"\" type=\"text\" name=\"posicion\" \/><\/span><span class=\"icon icon-soccer\"><\/span>\n\t<\/p>\n\t<p><span class=\"wpcf7-form-control-wrap\" data-name=\"telefono\"><input size=\"40\" maxlength=\"400\" class=\"wpcf7-form-control wpcf7-text wpcf7-validates-as-required\" aria-required=\"true\" aria-invalid=\"false\" placeholder=\"Tel\u00e8fon de contacte\" value=\"\" type=\"text\" name=\"telefono\" \/><\/span><span class=\"icon icon-phone2\"><\/span>\n\t<\/p>\n\t<p><span class=\"wpcf7-form-control-wrap\" data-name=\"txtemail\"><input size=\"40\" maxlength=\"400\" class=\"wpcf7-form-control wpcf7-email wpcf7-validates-as-required wpcf7-text wpcf7-validates-as-email\" aria-required=\"true\" aria-invalid=\"false\" placeholder=\"Mail de contacte\" value=\"\" type=\"email\" name=\"txtemail\" \/><\/span><span class=\"icon icon-mail\"><\/span>\n\t<\/p>\n\t<p style=\"text-align:left;\"><span class=\"wpcf7-form-control-wrap\" data-name=\"acceptance-491\"><span class=\"wpcf7-form-control wpcf7-acceptance\"><span class=\"wpcf7-list-item\"><input type=\"checkbox\" name=\"acceptance-491\" value=\"1\" aria-invalid=\"false\" \/><\/span><\/span><\/span>He llegit i accepto les condicions i la <a href=\"\/ca\/politica-de-proteccio-de-dades\/\" target=\"_blank\"><span>pol\u00edtica de protecci\u00f3 de dades<\/span><\/a>\n\t<\/p>\n\t<div class=\"dt-sc-clear\">\n\t<\/div>\n\t<div class=\"dt-sc-hr-invisible-small fonsblanc\">\n\t\t<p class=\"aligncenter\"><br \/>\n<input class=\"wpcf7-form-control wpcf7-submit has-spinner fonsblanc\" id=\"Submit\" type=\"submit\" value=\"Enviar\" \/>\n\t\t<\/p>\n\t<\/div>\n<\/div><input type='hidden' class='wpcf7-pum' value='{\"closepopup\":false,\"closedelay\":0,\"openpopup\":false,\"openpopup_id\":0}' \/><div class=\"fusion-alert alert custom alert-custom fusion-alert-center wpcf7-response-output awb-alert-native-link-color alert-dismissable awb-alert-close-boxed\" style=\"--awb-border-size:1px;--awb-border-top-left-radius:0px;--awb-border-top-right-radius:0px;--awb-border-bottom-left-radius:0px;--awb-border-bottom-right-radius:0px;\" role=\"alert\"><div class=\"fusion-alert-content-wrapper\"><span class=\"fusion-alert-content\"><\/span><\/div><button type=\"button\" class=\"close toggle-alert\" data-dismiss=\"alert\" aria-label=\"Close\">&times;<\/button><\/div>\n<\/form>\n<\/div>\n<\/div><\/div><\/div><\/div>\n","protected":false},"excerpt":{"rendered":"","protected":false},"author":1,"featured_media":0,"parent":0,"menu_order":0,"comment_status":"closed","ping_status":"closed","template":"","meta":{"_acf_changed":false,"footnotes":""},"class_list":["post-35114","page","type-page","status-publish","hentry"],"acf":[],"yoast_head":"<!-- This site is optimized with the Yoast SEO plugin v27.4 - https:\/\/yoast.com\/product\/yoast-seo-wordpress\/ -->\n<title>Juga amb nosaltres - Fundaci\u00f3 Uni\u00f3 Esportiva Cornell\u00e0<\/title>\n<meta name=\"robots\" content=\"index, follow, max-snippet:-1, max-image-preview:large, max-video-preview:-1\" \/>\n<link rel=\"canonical\" href=\"https:\/\/www.fundaciouecornella.cat\/ca\/juga-amb-nosaltres\/\" \/>\n<meta property=\"og:locale\" content=\"ca_ES\" \/>\n<meta property=\"og:type\" content=\"article\" \/>\n<meta property=\"og:title\" content=\"Juga amb nosaltres - Fundaci\u00f3 Uni\u00f3 Esportiva Cornell\u00e0\" \/>\n<meta property=\"og:url\" content=\"https:\/\/www.fundaciouecornella.cat\/ca\/juga-amb-nosaltres\/\" \/>\n<meta property=\"og:site_name\" content=\"Fundaci\u00f3 Uni\u00f3 Esportiva Cornell\u00e0\" \/>\n<meta property=\"article:publisher\" content=\"https:\/\/www.facebook.com\/UECornella?fref=ts\" \/>\n<meta property=\"article:modified_time\" content=\"2023-02-02T07:16:17+00:00\" \/>\n<meta name=\"twitter:card\" content=\"summary_large_image\" \/>\n<meta name=\"twitter:site\" content=\"@ue_cornella\" \/>\n<meta name=\"twitter:label1\" content=\"Temps estimat de lectura\" \/>\n\t<meta name=\"twitter:data1\" content=\"5 minuts\" \/>\n<script type=\"application\/ld+json\" class=\"yoast-schema-graph\">{\"@context\":\"https:\\\/\\\/schema.org\",\"@graph\":[{\"@type\":\"WebPage\",\"@id\":\"https:\\\/\\\/www.fundaciouecornella.cat\\\/ca\\\/juga-amb-nosaltres\\\/\",\"url\":\"https:\\\/\\\/www.fundaciouecornella.cat\\\/ca\\\/juga-amb-nosaltres\\\/\",\"name\":\"Juga amb nosaltres - Fundaci\u00f3 Uni\u00f3 Esportiva Cornell\u00e0\",\"isPartOf\":{\"@id\":\"https:\\\/\\\/www.fundaciouecornella.cat\\\/ca\\\/#website\"},\"datePublished\":\"2023-02-02T06:58:36+00:00\",\"dateModified\":\"2023-02-02T07:16:17+00:00\",\"breadcrumb\":{\"@id\":\"https:\\\/\\\/www.fundaciouecornella.cat\\\/ca\\\/juga-amb-nosaltres\\\/#breadcrumb\"},\"inLanguage\":\"ca\",\"potentialAction\":[{\"@type\":\"ReadAction\",\"target\":[\"https:\\\/\\\/www.fundaciouecornella.cat\\\/ca\\\/juga-amb-nosaltres\\\/\"]}]},{\"@type\":\"BreadcrumbList\",\"@id\":\"https:\\\/\\\/www.fundaciouecornella.cat\\\/ca\\\/juga-amb-nosaltres\\\/#breadcrumb\",\"itemListElement\":[{\"@type\":\"ListItem\",\"position\":1,\"name\":\"Portada\",\"item\":\"https:\\\/\\\/www.fundaciouecornella.cat\\\/ca\\\/\"},{\"@type\":\"ListItem\",\"position\":2,\"name\":\"Juga amb nosaltres\"}]},{\"@type\":\"WebSite\",\"@id\":\"https:\\\/\\\/www.fundaciouecornella.cat\\\/ca\\\/#website\",\"url\":\"https:\\\/\\\/www.fundaciouecornella.cat\\\/ca\\\/\",\"name\":\"Uni\u00f3 Esportiva Cornell\u00e0\",\"description\":\"Escuela de f\u00fatbol y club de f\u00fatbol de Cornell\u00e0\",\"publisher\":{\"@id\":\"https:\\\/\\\/www.fundaciouecornella.cat\\\/ca\\\/#organization\"},\"potentialAction\":[{\"@type\":\"SearchAction\",\"target\":{\"@type\":\"EntryPoint\",\"urlTemplate\":\"https:\\\/\\\/www.fundaciouecornella.cat\\\/ca\\\/?s={search_term_string}\"},\"query-input\":{\"@type\":\"PropertyValueSpecification\",\"valueRequired\":true,\"valueName\":\"search_term_string\"}}],\"inLanguage\":\"ca\"},{\"@type\":\"Organization\",\"@id\":\"https:\\\/\\\/www.fundaciouecornella.cat\\\/ca\\\/#organization\",\"name\":\"Uni\u00f3 Esportiva Cornell\u00e0\",\"url\":\"https:\\\/\\\/www.fundaciouecornella.cat\\\/ca\\\/\",\"logo\":{\"@type\":\"ImageObject\",\"inLanguage\":\"ca\",\"@id\":\"https:\\\/\\\/www.fundaciouecornella.cat\\\/ca\\\/#\\\/schema\\\/logo\\\/image\\\/\",\"url\":\"http:\\\/\\\/fundaciouecornella.cat\\\/wp-content\\\/uploads\\\/2017\\\/07\\\/logo377.png\",\"contentUrl\":\"http:\\\/\\\/fundaciouecornella.cat\\\/wp-content\\\/uploads\\\/2017\\\/07\\\/logo377.png\",\"width\":377,\"height\":472,\"caption\":\"Uni\u00f3 Esportiva Cornell\u00e0\"},\"image\":{\"@id\":\"https:\\\/\\\/www.fundaciouecornella.cat\\\/ca\\\/#\\\/schema\\\/logo\\\/image\\\/\"},\"sameAs\":[\"https:\\\/\\\/www.facebook.com\\\/UECornella?fref=ts\",\"https:\\\/\\\/x.com\\\/ue_cornella\",\"http:\\\/\\\/instagram.com\\\/uecornella\",\"https:\\\/\\\/www.youtube.com\\\/channel\\\/UCcwgya5MdVvxRn_MeD6A0vg\"]}]}<\/script>\n<!-- \/ Yoast SEO plugin. -->","yoast_head_json":{"title":"Juga amb nosaltres - Fundaci\u00f3 Uni\u00f3 Esportiva Cornell\u00e0","robots":{"index":"index","follow":"follow","max-snippet":"max-snippet:-1","max-image-preview":"max-image-preview:large","max-video-preview":"max-video-preview:-1"},"canonical":"https:\/\/www.fundaciouecornella.cat\/ca\/juga-amb-nosaltres\/","og_locale":"ca_ES","og_type":"article","og_title":"Juga amb nosaltres - Fundaci\u00f3 Uni\u00f3 Esportiva Cornell\u00e0","og_url":"https:\/\/www.fundaciouecornella.cat\/ca\/juga-amb-nosaltres\/","og_site_name":"Fundaci\u00f3 Uni\u00f3 Esportiva Cornell\u00e0","article_publisher":"https:\/\/www.facebook.com\/UECornella?fref=ts","article_modified_time":"2023-02-02T07:16:17+00:00","twitter_card":"summary_large_image","twitter_site":"@ue_cornella","twitter_misc":{"Temps estimat de lectura":"5 minuts"},"schema":{"@context":"https:\/\/schema.org","@graph":[{"@type":"WebPage","@id":"https:\/\/www.fundaciouecornella.cat\/ca\/juga-amb-nosaltres\/","url":"https:\/\/www.fundaciouecornella.cat\/ca\/juga-amb-nosaltres\/","name":"Juga amb nosaltres - Fundaci\u00f3 Uni\u00f3 Esportiva Cornell\u00e0","isPartOf":{"@id":"https:\/\/www.fundaciouecornella.cat\/ca\/#website"},"datePublished":"2023-02-02T06:58:36+00:00","dateModified":"2023-02-02T07:16:17+00:00","breadcrumb":{"@id":"https:\/\/www.fundaciouecornella.cat\/ca\/juga-amb-nosaltres\/#breadcrumb"},"inLanguage":"ca","potentialAction":[{"@type":"ReadAction","target":["https:\/\/www.fundaciouecornella.cat\/ca\/juga-amb-nosaltres\/"]}]},{"@type":"BreadcrumbList","@id":"https:\/\/www.fundaciouecornella.cat\/ca\/juga-amb-nosaltres\/#breadcrumb","itemListElement":[{"@type":"ListItem","position":1,"name":"Portada","item":"https:\/\/www.fundaciouecornella.cat\/ca\/"},{"@type":"ListItem","position":2,"name":"Juga amb nosaltres"}]},{"@type":"WebSite","@id":"https:\/\/www.fundaciouecornella.cat\/ca\/#website","url":"https:\/\/www.fundaciouecornella.cat\/ca\/","name":"Uni\u00f3 Esportiva Cornell\u00e0","description":"Escuela de f\u00fatbol y club de f\u00fatbol de Cornell\u00e0","publisher":{"@id":"https:\/\/www.fundaciouecornella.cat\/ca\/#organization"},"potentialAction":[{"@type":"SearchAction","target":{"@type":"EntryPoint","urlTemplate":"https:\/\/www.fundaciouecornella.cat\/ca\/?s={search_term_string}"},"query-input":{"@type":"PropertyValueSpecification","valueRequired":true,"valueName":"search_term_string"}}],"inLanguage":"ca"},{"@type":"Organization","@id":"https:\/\/www.fundaciouecornella.cat\/ca\/#organization","name":"Uni\u00f3 Esportiva Cornell\u00e0","url":"https:\/\/www.fundaciouecornella.cat\/ca\/","logo":{"@type":"ImageObject","inLanguage":"ca","@id":"https:\/\/www.fundaciouecornella.cat\/ca\/#\/schema\/logo\/image\/","url":"http:\/\/fundaciouecornella.cat\/wp-content\/uploads\/2017\/07\/logo377.png","contentUrl":"http:\/\/fundaciouecornella.cat\/wp-content\/uploads\/2017\/07\/logo377.png","width":377,"height":472,"caption":"Uni\u00f3 Esportiva Cornell\u00e0"},"image":{"@id":"https:\/\/www.fundaciouecornella.cat\/ca\/#\/schema\/logo\/image\/"},"sameAs":["https:\/\/www.facebook.com\/UECornella?fref=ts","https:\/\/x.com\/ue_cornella","http:\/\/instagram.com\/uecornella","https:\/\/www.youtube.com\/channel\/UCcwgya5MdVvxRn_MeD6A0vg"]}]}},"_links":{"self":[{"href":"https:\/\/www.fundaciouecornella.cat\/ca\/wp-json\/wp\/v2\/pages\/35114","targetHints":{"allow":["GET"]}}],"collection":[{"href":"https:\/\/www.fundaciouecornella.cat\/ca\/wp-json\/wp\/v2\/pages"}],"about":[{"href":"https:\/\/www.fundaciouecornella.cat\/ca\/wp-json\/wp\/v2\/types\/page"}],"author":[{"embeddable":true,"href":"https:\/\/www.fundaciouecornella.cat\/ca\/wp-json\/wp\/v2\/users\/1"}],"replies":[{"embeddable":true,"href":"https:\/\/www.fundaciouecornella.cat\/ca\/wp-json\/wp\/v2\/comments?post=35114"}],"version-history":[{"count":2,"href":"https:\/\/www.fundaciouecornella.cat\/ca\/wp-json\/wp\/v2\/pages\/35114\/revisions"}],"predecessor-version":[{"id":35116,"href":"https:\/\/www.fundaciouecornella.cat\/ca\/wp-json\/wp\/v2\/pages\/35114\/revisions\/35116"}],"wp:attachment":[{"href":"https:\/\/www.fundaciouecornella.cat\/ca\/wp-json\/wp\/v2\/media?parent=35114"}],"curies":[{"name":"wp","href":"https:\/\/api.w.org\/{rel}","templated":true}]}}